{"id":936,"date":"2022-06-28T11:31:15","date_gmt":"2022-06-28T11:31:15","guid":{"rendered":"https:\/\/organic-mom.de\/?post_type=product&#038;p=936"},"modified":"2026-04-26T13:12:43","modified_gmt":"2026-04-26T11:12:43","slug":"4-handgenahte-stofftaschentucher-aus-bio-baumwolle-inkl-stoffbeutel","status":"publish","type":"product","link":"https:\/\/organic-mom.de\/de\/produkt\/4-handgenahte-stofftaschentucher-aus-bio-baumwolle-inkl-stoffbeutel\/","title":{"rendered":"Stofftaschent\u00fccher (Handmade) aus Bio-Baumwolle inkl. Stoffbeutel"},"content":{"rendered":"\t\t<div data-elementor-type=\"wp-post\" data-elementor-id=\"936\" class=\"elementor elementor-936\">\n\t\t\t\t\t\t<section class=\"elementor-section elementor-top-section elementor-element elementor-element-f929c5c elementor-section-boxed elementor-section-height-default elementor-section-height-default\" data-id=\"f929c5c\" data-element_type=\"section\" data-e-type=\"section\">\n\t\t\t\t\t\t<div class=\"elementor-container elementor-column-gap-default\">\n\t\t\t\t\t<div class=\"elementor-column elementor-col-100 elementor-top-column elementor-element elementor-element-57c14f2\" data-id=\"57c14f2\" data-element_type=\"column\" data-e-type=\"column\">\n\t\t\t<div class=\"elementor-widget-wrap elementor-element-populated\">\n\t\t\t\t\t\t<div class=\"elementor-element elementor-element-e8d5c9b elementor-widget elementor-widget-heading\" data-id=\"e8d5c9b\" data-element_type=\"widget\" data-e-type=\"widget\" data-widget_type=\"heading.default\">\n\t\t\t\t<div class=\"elementor-widget-container\">\n\t\t\t\t\t<h2 class=\"elementor-heading-title elementor-size-default\">Warum Stofftaschent\u00fccher?\n<\/h2>\t\t\t\t<\/div>\n\t\t\t\t<\/div>\n\t\t\t\t\t<\/div>\n\t\t<\/div>\n\t\t\t\t\t<\/div>\n\t\t<\/section>\n\t\t\t\t<section class=\"elementor-section elementor-top-section elementor-element elementor-element-fa5451f elementor-section-boxed elementor-section-height-default elementor-section-height-default\" data-id=\"fa5451f\" data-element_type=\"section\" data-e-type=\"section\">\n\t\t\t\t\t\t<div class=\"elementor-container elementor-column-gap-default\">\n\t\t\t\t\t<div class=\"elementor-column elementor-col-100 elementor-top-column elementor-element elementor-element-7e16475\" data-id=\"7e16475\" data-element_type=\"column\" data-e-type=\"column\">\n\t\t\t<div class=\"elementor-widget-wrap elementor-element-populated\">\n\t\t\t\t\t\t<div class=\"elementor-element elementor-element-ed387fa elementor-widget elementor-widget-text-editor\" data-id=\"ed387fa\" data-element_type=\"widget\" data-e-type=\"widget\" data-widget_type=\"text-editor.default\">\n\t\t\t\t<div class=\"elementor-widget-container\">\n\t\t\t\t\t\t\t\t\t<p>Es ist uns wichtig, diese alte Tradition wieder aufleben zu lassen. Schon unsere Gro\u00dfeltern benutzten fast ausschlie\u00dflich Stofftaschent\u00fccher und waren damit nachhaltiger als wir es heute sind. Es ist eine der einfachsten M\u00f6glichkeiten Abfall zu vermeiden und unsere Umwelt somit zu entlasten.<\/p><p class=\"a-spacing-base\">Unser Stofftaschent\u00fccher werden mit Liebe aus biologischen Stoffen gen\u00e4ht.<\/p>\t\t\t\t\t\t\t\t<\/div>\n\t\t\t\t<\/div>\n\t\t\t\t\t<\/div>\n\t\t<\/div>\n\t\t\t\t\t<\/div>\n\t\t<\/section>\n\t\t\t\t<section class=\"elementor-section elementor-top-section elementor-element elementor-element-6d3964e elementor-section-boxed elementor-section-height-default elementor-section-height-default\" data-id=\"6d3964e\" data-element_type=\"section\" data-e-type=\"section\">\n\t\t\t\t\t\t<div class=\"elementor-container elementor-column-gap-default\">\n\t\t\t\t\t<div class=\"elementor-column elementor-col-100 elementor-top-column elementor-element elementor-element-3b8985c\" data-id=\"3b8985c\" data-element_type=\"column\" data-e-type=\"column\">\n\t\t\t<div class=\"elementor-widget-wrap elementor-element-populated\">\n\t\t\t\t\t\t<div class=\"elementor-element elementor-element-ea5aa32 elementor-widget elementor-widget-heading\" data-id=\"ea5aa32\" data-element_type=\"widget\" data-e-type=\"widget\" data-widget_type=\"heading.default\">\n\t\t\t\t<div class=\"elementor-widget-container\">\n\t\t\t\t\t<h2 class=\"elementor-heading-title elementor-size-default\">Hygienisch und Praktisch<\/h2>\t\t\t\t<\/div>\n\t\t\t\t<\/div>\n\t\t\t\t\t<\/div>\n\t\t<\/div>\n\t\t\t\t\t<\/div>\n\t\t<\/section>\n\t\t\t\t<section class=\"elementor-section elementor-top-section elementor-element elementor-element-a328f31 elementor-section-boxed elementor-section-height-default elementor-section-height-default\" data-id=\"a328f31\" data-element_type=\"section\" data-e-type=\"section\">\n\t\t\t\t\t\t<div class=\"elementor-container elementor-column-gap-default\">\n\t\t\t\t\t<div class=\"elementor-column elementor-col-100 elementor-top-column elementor-element elementor-element-6367917f\" data-id=\"6367917f\" data-element_type=\"column\" data-e-type=\"column\">\n\t\t\t<div class=\"elementor-widget-wrap elementor-element-populated\">\n\t\t\t\t\t\t<div class=\"elementor-element elementor-element-18caa082 elementor-widget elementor-widget-text-editor\" data-id=\"18caa082\" data-element_type=\"widget\" data-e-type=\"widget\" data-widget_type=\"text-editor.default\">\n\t\t\t\t<div class=\"elementor-widget-container\">\n\t\t\t\t\t\t\t\t\t<section class=\"elementor-section elementor-top-section elementor-element elementor-element-a328f31 elementor-section-boxed elementor-section-height-default elementor-section-height-default\" data-id=\"a328f31\" data-element_type=\"section\"><div class=\"elementor-container elementor-column-gap-default\"><div class=\"elementor-column elementor-col-100 elementor-top-column elementor-element elementor-element-6367917f\" data-id=\"6367917f\" data-element_type=\"column\"><div class=\"elementor-widget-wrap elementor-element-populated\"><div class=\"elementor-element elementor-element-18caa082 elementor-widget elementor-widget-text-editor\" data-id=\"18caa082\" data-element_type=\"widget\" data-widget_type=\"text-editor.default\"><div class=\"elementor-widget-container\"><p>Die Stofftaschent\u00fccher werden mit einem praktischen Schutzbeutel aus 100% Baumwolle geliefert und passen daher perfekt in jede Handtasche.\u00a0<\/p><p>Nach dem Gebrauch kannst du die Taschent\u00fccher in der Waschmaschine schonend waschen und sie dadurch immer und immer wieder verwenden.<\/p><\/div><\/div><\/div><\/div><\/div><\/section><section class=\"elementor-section elementor-top-section elementor-element elementor-element-8d8a0e6 elementor-section-boxed elementor-section-height-default elementor-section-height-default\" data-id=\"8d8a0e6\" data-element_type=\"section\"><div class=\"elementor-container elementor-column-gap-default\"><div class=\"elementor-column elementor-col-100 elementor-top-column elementor-element elementor-element-7755a52\" data-id=\"7755a52\" data-element_type=\"column\">\u00a0<\/div><\/div><\/section>\t\t\t\t\t\t\t\t<\/div>\n\t\t\t\t<\/div>\n\t\t\t\t<div class=\"elementor-element elementor-element-fabe3fa elementor-widget elementor-widget-heading\" data-id=\"fabe3fa\" data-element_type=\"widget\" data-e-type=\"widget\" data-widget_type=\"heading.default\">\n\t\t\t\t<div class=\"elementor-widget-container\">\n\t\t\t\t\t<h2 class=\"elementor-heading-title elementor-size-default\">Nachhaltigkeit kann so einfach sein. easy\n<\/h2>\t\t\t\t<\/div>\n\t\t\t\t<\/div>\n\t\t\t\t\t<\/div>\n\t\t<\/div>\n\t\t\t\t\t<\/div>\n\t\t<\/section>\n\t\t\t\t<section class=\"elementor-section elementor-top-section elementor-element elementor-element-8d8a0e6 elementor-section-boxed elementor-section-height-default elementor-section-height-default\" data-id=\"8d8a0e6\" data-element_type=\"section\" data-e-type=\"section\">\n\t\t\t\t\t\t<div class=\"elementor-container elementor-column-gap-default\">\n\t\t\t\t\t<div class=\"elementor-column elementor-col-100 elementor-top-column elementor-element elementor-element-7755a52\" data-id=\"7755a52\" data-element_type=\"column\" data-e-type=\"column\">\n\t\t\t<div class=\"elementor-widget-wrap elementor-element-populated\">\n\t\t\t\t\t\t<div class=\"elementor-element elementor-element-9dfd0b2 elementor-widget elementor-widget-spacer\" data-id=\"9dfd0b2\" data-element_type=\"widget\" data-e-type=\"widget\" data-widget_type=\"spacer.default\">\n\t\t\t\t<div class=\"elementor-widget-container\">\n\t\t\t\t\t\t\t<div class=\"elementor-spacer\">\n\t\t\t<div class=\"elementor-spacer-inner\"><\/div>\n\t\t<\/div>\n\t\t\t\t\t\t<\/div>\n\t\t\t\t<\/div>\n\t\t\t\t\t<\/div>\n\t\t<\/div>\n\t\t\t\t\t<\/div>\n\t\t<\/section>\n\t\t\t\t<section class=\"elementor-section elementor-top-section elementor-element elementor-element-21ed0cc elementor-section-boxed elementor-section-height-default elementor-section-height-default\" data-id=\"21ed0cc\" data-element_type=\"section\" data-e-type=\"section\">\n\t\t\t\t\t\t<div class=\"elementor-container elementor-column-gap-default\">\n\t\t\t\t\t<div class=\"elementor-column elementor-col-100 elementor-top-column elementor-element elementor-element-27cdf2f\" data-id=\"27cdf2f\" data-element_type=\"column\" data-e-type=\"column\">\n\t\t\t<div class=\"elementor-widget-wrap\">\n\t\t\t\t\t\t\t<\/div>\n\t\t<\/div>\n\t\t\t\t\t<\/div>\n\t\t<\/section>\n\t\t\t\t<\/div>\n\t\t","protected":false},"excerpt":{"rendered":"<ul class=\"a-unordered-list a-vertical a-spacing-mini\">\n<li><span class=\"a-list-item\">Designed in Vienna<\/span><\/li>\n<li><span class=\"a-list-item\">Modernes Design, praktisch und nachhaltig<\/span><\/li>\n<li><span class=\"a-list-item\">Gr\u00f6\u00dfe: 20 x 20 cm<\/span><\/li>\n<li><span class=\"a-list-item\">100% Bio-Baumwolle<\/span><\/li>\n<li>4 St\u00fcck<\/li>\n<\/ul>\n","protected":false},"featured_media":1397,"comment_status":"open","ping_status":"closed","template":"","meta":[],"product_brand":[],"product_cat":[23],"product_tag":[],"class_list":{"0":"post-936","1":"product","2":"type-product","3":"status-publish","4":"has-post-thumbnail","6":"product_cat-organic","8":"first","9":"instock","10":"taxable","11":"shipping-taxable","12":"purchasable","13":"product-type-simple"},"etheme_brands":{"errors":{"invalid_taxonomy":["Die Taxonomie ist ung\u00fcltig."]},"error_data":[]},"_links":{"self":[{"href":"https:\/\/organic-mom.de\/de\/wp-json\/wp\/v2\/product\/936","targetHints":{"allow":["GET"]}}],"collection":[{"href":"https:\/\/organic-mom.de\/de\/wp-json\/wp\/v2\/product"}],"about":[{"href":"https:\/\/organic-mom.de\/de\/wp-json\/wp\/v2\/types\/product"}],"replies":[{"embeddable":true,"href":"https:\/\/organic-mom.de\/de\/wp-json\/wp\/v2\/comments?post=936"}],"version-history":[{"count":30,"href":"https:\/\/organic-mom.de\/de\/wp-json\/wp\/v2\/product\/936\/revisions"}],"predecessor-version":[{"id":2212,"href":"https:\/\/organic-mom.de\/de\/wp-json\/wp\/v2\/product\/936\/revisions\/2212"}],"wp:featuredmedia":[{"embeddable":true,"href":"https:\/\/organic-mom.de\/de\/wp-json\/wp\/v2\/media\/1397"}],"wp:attachment":[{"href":"https:\/\/organic-mom.de\/de\/wp-json\/wp\/v2\/media?parent=936"}],"wp:term":[{"taxonomy":"product_brand","embeddable":true,"href":"https:\/\/organic-mom.de\/de\/wp-json\/wp\/v2\/product_brand?post=936"},{"taxonomy":"product_cat","embeddable":true,"href":"https:\/\/organic-mom.de\/de\/wp-json\/wp\/v2\/product_cat?post=936"},{"taxonomy":"product_tag","embeddable":true,"href":"https:\/\/organic-mom.de\/de\/wp-json\/wp\/v2\/product_tag?post=936"}],"curies":[{"name":"wp","href":"https:\/\/api.w.org\/{rel}","templated":true}]}}