{"id":914,"date":"2022-06-28T11:19:36","date_gmt":"2022-06-28T11:19:36","guid":{"rendered":"https:\/\/organic-mom.de\/?post_type=product&#038;p=914"},"modified":"2026-04-26T13:14:46","modified_gmt":"2026-04-26T11:14:46","slug":"baby-wipes-waschbare-baby-pflegetucher","status":"publish","type":"product","link":"https:\/\/organic-mom.de\/de\/produkt\/baby-wipes-waschbare-baby-pflegetucher\/","title":{"rendered":"Baby Wipes &#8211; waschbare Baby Pfleget\u00fccher"},"content":{"rendered":"\t\t<div data-elementor-type=\"wp-post\" data-elementor-id=\"914\" class=\"elementor elementor-914\">\n\t\t\t\t\t\t<section class=\"elementor-section elementor-top-section elementor-element elementor-element-b2e96e9 elementor-section-boxed elementor-section-height-default elementor-section-height-default\" data-id=\"b2e96e9\" data-element_type=\"section\" data-e-type=\"section\">\n\t\t\t\t\t\t<div class=\"elementor-container elementor-column-gap-default\">\n\t\t\t\t\t<div class=\"elementor-column elementor-col-50 elementor-top-column elementor-element elementor-element-aefc676\" data-id=\"aefc676\" data-element_type=\"column\" data-e-type=\"column\">\n\t\t\t<div class=\"elementor-widget-wrap elementor-element-populated\">\n\t\t\t\t\t\t<div class=\"elementor-element elementor-element-a36d5dc elementor-widget elementor-widget-heading\" data-id=\"a36d5dc\" data-element_type=\"widget\" data-e-type=\"widget\" data-widget_type=\"heading.default\">\n\t\t\t\t<div class=\"elementor-widget-container\">\n\t\t\t\t\t<h2 class=\"elementor-heading-title elementor-size-default\">So nat\u00fcrlich...<\/h2>\t\t\t\t<\/div>\n\t\t\t\t<\/div>\n\t\t\t\t\t<\/div>\n\t\t<\/div>\n\t\t\t\t<div class=\"elementor-column elementor-col-50 elementor-top-column elementor-element elementor-element-7e0030c\" data-id=\"7e0030c\" data-element_type=\"column\" data-e-type=\"column\">\n\t\t\t<div class=\"elementor-widget-wrap elementor-element-populated\">\n\t\t\t\t\t\t<div class=\"elementor-element elementor-element-5235daf elementor-widget elementor-widget-heading\" data-id=\"5235daf\" data-element_type=\"widget\" data-e-type=\"widget\" data-widget_type=\"heading.default\">\n\t\t\t\t<div class=\"elementor-widget-container\">\n\t\t\t\t\t<h2 class=\"elementor-heading-title elementor-size-default\">Unsere Vorteile...<\/h2>\t\t\t\t<\/div>\n\t\t\t\t<\/div>\n\t\t\t\t\t<\/div>\n\t\t<\/div>\n\t\t\t\t\t<\/div>\n\t\t<\/section>\n\t\t\t\t<section class=\"elementor-section elementor-top-section elementor-element elementor-element-12abe15 elementor-section-boxed elementor-section-height-default elementor-section-height-default\" data-id=\"12abe15\" data-element_type=\"section\" data-e-type=\"section\">\n\t\t\t\t\t\t<div class=\"elementor-container elementor-column-gap-default\">\n\t\t\t\t\t<div class=\"elementor-column elementor-col-33 elementor-top-column elementor-element elementor-element-17d215c\" data-id=\"17d215c\" data-element_type=\"column\" data-e-type=\"column\">\n\t\t\t<div class=\"elementor-widget-wrap elementor-element-populated\">\n\t\t\t\t\t\t<div class=\"elementor-element elementor-element-3d649fe elementor-widget elementor-widget-text-editor\" data-id=\"3d649fe\" data-element_type=\"widget\" data-e-type=\"widget\" data-widget_type=\"text-editor.default\">\n\t\t\t\t<div class=\"elementor-widget-container\">\n\t\t\t\t\t\t\t\t\t<p>F\u00fcr unsere Baby-Wipes verwenden wir weiche Bambus-Baumwolle (70\/30) in einem nat\u00fcrlichen Look.\u00a0<\/p><p>Unsere Wipes haben eine handliche Gr\u00f6\u00dfe von 14 x 10 cm und sind perfekt f\u00fcr die Reinigung von Gesicht, H\u00e4nden und Po Ihres Babys geeignet.\u00a0<\/p><p>Bei der Herstellung achten wir darauf, dass keine Farbstoffe oder andere Chemikalien verwendet werden.<\/p><p>Dar\u00fcber hinaus enthalten unsere BabyWipes eine praktische Beschreibung mit Tipps und Pflegehinweisen sowie einen Baumwoll-Waschbeutel.<\/p>\t\t\t\t\t\t\t\t<\/div>\n\t\t\t\t<\/div>\n\t\t\t\t\t<\/div>\n\t\t<\/div>\n\t\t\t\t<div class=\"elementor-column elementor-col-33 elementor-top-column elementor-element elementor-element-6ae912d\" data-id=\"6ae912d\" data-element_type=\"column\" data-e-type=\"column\">\n\t\t\t<div class=\"elementor-widget-wrap elementor-element-populated\">\n\t\t\t\t\t\t<div class=\"elementor-element elementor-element-0f518a4 elementor-widget elementor-widget-image\" data-id=\"0f518a4\" data-element_type=\"widget\" data-e-type=\"widget\" data-widget_type=\"image.default\">\n\t\t\t\t<div class=\"elementor-widget-container\">\n\t\t\t\t\t\t\t\t\t\t\t\t\t\t\t<img fetchpriority=\"high\" decoding=\"async\" width=\"300\" height=\"300\" src=\"https:\/\/organic-mom.de\/wp-content\/uploads\/xstore\/xstore-placeholder-1x1.png\" class=\"attachment-large size-large wp-image-982 lazyload lazyload-simple et-lazyload-fadeIn\" alt=\"\" sizes=\"(max-width: 300px) 100vw, 300px\" data-src=\"https:\/\/organic-mom.de\/wp-content\/uploads\/2022\/06\/b848a95b-2173-4aad-b4c5-5bff5485bdfa.__CR0012001200_PT0_SX300_V1___.jpg\" data-srcset=\"https:\/\/organic-mom.de\/wp-content\/uploads\/2022\/06\/b848a95b-2173-4aad-b4c5-5bff5485bdfa.__CR0012001200_PT0_SX300_V1___.jpg 300w, https:\/\/organic-mom.de\/wp-content\/uploads\/2022\/06\/b848a95b-2173-4aad-b4c5-5bff5485bdfa.__CR0012001200_PT0_SX300_V1___-100x100.jpg 100w, https:\/\/organic-mom.de\/wp-content\/uploads\/2022\/06\/b848a95b-2173-4aad-b4c5-5bff5485bdfa.__CR0012001200_PT0_SX300_V1___-150x150.jpg 150w, https:\/\/organic-mom.de\/wp-content\/uploads\/2022\/06\/b848a95b-2173-4aad-b4c5-5bff5485bdfa.__CR0012001200_PT0_SX300_V1___-1x1.jpg 1w, https:\/\/organic-mom.de\/wp-content\/uploads\/2022\/06\/b848a95b-2173-4aad-b4c5-5bff5485bdfa.__CR0012001200_PT0_SX300_V1___-10x10.jpg 10w\" \/>\t\t\t\t\t\t\t\t\t\t\t\t\t\t\t<\/div>\n\t\t\t\t<\/div>\n\t\t\t\t\t<\/div>\n\t\t<\/div>\n\t\t\t\t<div class=\"elementor-column elementor-col-33 elementor-top-column elementor-element elementor-element-ae0dcfa\" data-id=\"ae0dcfa\" data-element_type=\"column\" data-e-type=\"column\">\n\t\t\t<div class=\"elementor-widget-wrap elementor-element-populated\">\n\t\t\t\t\t\t<div class=\"elementor-element elementor-element-fae7941 elementor-widget elementor-widget-text-editor\" data-id=\"fae7941\" data-element_type=\"widget\" data-e-type=\"widget\" data-widget_type=\"text-editor.default\">\n\t\t\t\t<div class=\"elementor-widget-container\">\n\t\t\t\t\t\t\t\t\t<ul class=\"a-unordered-list a-vertical\"><li><span class=\"a-list-item\"><span class=\"a-size-base\">Nachhaltig und superweich<\/span><\/span><\/li><li><span class=\"a-list-item\"><span class=\"a-size-base\">Waschbar bei 60 \u00b0C<\/span><\/span><\/li><li><span class=\"a-list-item\"><span class=\"a-size-base\">Zero Waste<\/span><\/span><\/li><li><span class=\"a-list-item\"><span class=\"a-size-base\">F\u00fcr Gesicht, H\u00e4nde und Po<\/span><\/span><\/li><li><span class=\"a-list-item\"><span class=\"a-size-base\">Geeignet f\u00fcr die Erstausstattung eines jeden Babys<\/span><\/span><\/li><\/ul>\t\t\t\t\t\t\t\t<\/div>\n\t\t\t\t<\/div>\n\t\t\t\t\t<\/div>\n\t\t<\/div>\n\t\t\t\t\t<\/div>\n\t\t<\/section>\n\t\t\t\t<section class=\"elementor-section elementor-top-section elementor-element elementor-element-0029883 elementor-section-boxed elementor-section-height-default elementor-section-height-default\" data-id=\"0029883\" data-element_type=\"section\" data-e-type=\"section\">\n\t\t\t\t\t\t<div class=\"elementor-container elementor-column-gap-default\">\n\t\t\t\t\t<div class=\"elementor-column elementor-col-100 elementor-top-column elementor-element elementor-element-3cb3f56\" data-id=\"3cb3f56\" data-element_type=\"column\" data-e-type=\"column\">\n\t\t\t<div class=\"elementor-widget-wrap elementor-element-populated\">\n\t\t\t\t\t\t<div class=\"elementor-element elementor-element-41bd604 elementor-widget elementor-widget-spacer\" data-id=\"41bd604\" data-element_type=\"widget\" data-e-type=\"widget\" data-widget_type=\"spacer.default\">\n\t\t\t\t<div class=\"elementor-widget-container\">\n\t\t\t\t\t\t\t<div class=\"elementor-spacer\">\n\t\t\t<div class=\"elementor-spacer-inner\"><\/div>\n\t\t<\/div>\n\t\t\t\t\t\t<\/div>\n\t\t\t\t<\/div>\n\t\t\t\t\t<\/div>\n\t\t<\/div>\n\t\t\t\t\t<\/div>\n\t\t<\/section>\n\t\t\t\t<section class=\"elementor-section elementor-top-section elementor-element elementor-element-79e0ff1 elementor-section-boxed elementor-section-height-default elementor-section-height-default\" data-id=\"79e0ff1\" data-element_type=\"section\" data-e-type=\"section\">\n\t\t\t\t\t\t<div class=\"elementor-container elementor-column-gap-default\">\n\t\t\t\t\t<div class=\"elementor-column elementor-col-100 elementor-top-column elementor-element elementor-element-f598d38\" data-id=\"f598d38\" data-element_type=\"column\" data-e-type=\"column\">\n\t\t\t<div class=\"elementor-widget-wrap elementor-element-populated\">\n\t\t\t\t\t\t<div class=\"elementor-element elementor-element-382866c elementor-widget elementor-widget-heading\" data-id=\"382866c\" data-element_type=\"widget\" data-e-type=\"widget\" data-widget_type=\"heading.default\">\n\t\t\t\t<div class=\"elementor-widget-container\">\n\t\t\t\t\t<h2 class=\"elementor-heading-title elementor-size-default\">Nachhaltig<br>spare Abfall und tue etwas Gutes f\u00fcr deine Umwelt und deine Liebsten.<\/h2>\t\t\t\t<\/div>\n\t\t\t\t<\/div>\n\t\t\t\t\t<\/div>\n\t\t<\/div>\n\t\t\t\t\t<\/div>\n\t\t<\/section>\n\t\t\t\t<section class=\"elementor-section elementor-top-section elementor-element elementor-element-81ccd7e elementor-section-boxed elementor-section-height-default elementor-section-height-default\" data-id=\"81ccd7e\" data-element_type=\"section\" data-e-type=\"section\">\n\t\t\t\t\t\t<div class=\"elementor-container elementor-column-gap-default\">\n\t\t\t\t\t<div class=\"elementor-column elementor-col-100 elementor-top-column elementor-element elementor-element-fe6fac7\" data-id=\"fe6fac7\" data-element_type=\"column\" data-e-type=\"column\">\n\t\t\t<div class=\"elementor-widget-wrap elementor-element-populated\">\n\t\t\t\t\t\t<div class=\"elementor-element elementor-element-35cf129 elementor-widget elementor-widget-spacer\" data-id=\"35cf129\" data-element_type=\"widget\" data-e-type=\"widget\" data-widget_type=\"spacer.default\">\n\t\t\t\t<div class=\"elementor-widget-container\">\n\t\t\t\t\t\t\t<div class=\"elementor-spacer\">\n\t\t\t<div class=\"elementor-spacer-inner\"><\/div>\n\t\t<\/div>\n\t\t\t\t\t\t<\/div>\n\t\t\t\t<\/div>\n\t\t\t\t\t<\/div>\n\t\t<\/div>\n\t\t\t\t\t<\/div>\n\t\t<\/section>\n\t\t\t\t<section class=\"elementor-section elementor-top-section elementor-element elementor-element-4505b6f elementor-section-boxed elementor-section-height-default elementor-section-height-default\" data-id=\"4505b6f\" data-element_type=\"section\" data-e-type=\"section\">\n\t\t\t\t\t\t<div class=\"elementor-container elementor-column-gap-default\">\n\t\t\t\t\t<div class=\"elementor-column elementor-col-50 elementor-top-column elementor-element elementor-element-f104a7c\" data-id=\"f104a7c\" data-element_type=\"column\" data-e-type=\"column\">\n\t\t\t<div class=\"elementor-widget-wrap elementor-element-populated\">\n\t\t\t\t\t\t<div class=\"elementor-element elementor-element-00d30b5 elementor-widget elementor-widget-text-editor\" data-id=\"00d30b5\" data-element_type=\"widget\" data-e-type=\"widget\" data-widget_type=\"text-editor.default\">\n\t\t\t\t<div class=\"elementor-widget-container\">\n\t\t\t\t\t\t\t\t\t<p>Unsere praktischen Baby Wipes ersetzen bis zu 3000 herk\u00f6mmliche Feuchtt\u00fccher pro Jahr, nicht zu vergessen den Plastikm\u00fcll, in dem die T\u00fccher verpackt sind.<br \/>Die Pfleget\u00fccher sind vielseitig einsetzbar und eignen sich besonders f\u00fcr trockene und empfindliche Haut.<\/p><p>Hergestellt aus Bambus-Baumwolle:<\/p><p>Bambus: Bambus w\u00e4chst unglaublich schnell, manchmal sogar einen ganzen Meter pro Tag. Daher k\u00f6nnen jedes Jahr gro\u00dfe Mengen geschlagen werden, ohne die Umwelt zu sch\u00e4digen. Im Gegensatz zu herk\u00f6mmlichen B\u00e4umen stirbt beim F\u00e4llen von Bambus nicht die ganze Pflanze ab. S\u00fc\u00dfgr\u00e4ser wie Bambus entwickeln unterirdische Wurzelsysteme, mit denen sie sich schnell regenerieren und neue Halme bilden &#8211; sie ben\u00f6tigen keine giftigen D\u00fcngemittel und sind daher unendlich reproduzierbar.<\/p>\t\t\t\t\t\t\t\t<\/div>\n\t\t\t\t<\/div>\n\t\t\t\t\t<\/div>\n\t\t<\/div>\n\t\t\t\t<div class=\"elementor-column elementor-col-50 elementor-top-column elementor-element elementor-element-2d1a613\" data-id=\"2d1a613\" data-element_type=\"column\" data-e-type=\"column\">\n\t\t\t<div class=\"elementor-widget-wrap elementor-element-populated\">\n\t\t\t\t\t\t<div class=\"elementor-element elementor-element-c6db5d5 elementor-widget elementor-widget-image\" data-id=\"c6db5d5\" data-element_type=\"widget\" data-e-type=\"widget\" data-widget_type=\"image.default\">\n\t\t\t\t<div class=\"elementor-widget-container\">\n\t\t\t\t\t\t\t\t\t\t\t\t\t\t\t<img decoding=\"async\" width=\"300\" height=\"300\" src=\"https:\/\/organic-mom.de\/wp-content\/uploads\/xstore\/xstore-placeholder-1x1.png\" class=\"attachment-medium size-medium wp-image-917 lazyload lazyload-simple et-lazyload-fadeIn\" alt=\"\" sizes=\"(max-width: 300px) 100vw, 300px\" data-src=\"https:\/\/organic-mom.de\/wp-content\/uploads\/2022\/06\/Wipres_Hand_ohne-300x300.jpg\" data-srcset=\"https:\/\/organic-mom.de\/wp-content\/uploads\/2022\/06\/Wipres_Hand_ohne-300x300.jpg 300w, https:\/\/organic-mom.de\/wp-content\/uploads\/2022\/06\/Wipres_Hand_ohne-100x100.jpg 100w, https:\/\/organic-mom.de\/wp-content\/uploads\/2022\/06\/Wipres_Hand_ohne-600x600.jpg 600w, https:\/\/organic-mom.de\/wp-content\/uploads\/2022\/06\/Wipres_Hand_ohne-1024x1024.jpg 1024w, https:\/\/organic-mom.de\/wp-content\/uploads\/2022\/06\/Wipres_Hand_ohne-150x150.jpg 150w, https:\/\/organic-mom.de\/wp-content\/uploads\/2022\/06\/Wipres_Hand_ohne-768x768.jpg 768w, https:\/\/organic-mom.de\/wp-content\/uploads\/2022\/06\/Wipres_Hand_ohne-1x1.jpg 1w, https:\/\/organic-mom.de\/wp-content\/uploads\/2022\/06\/Wipres_Hand_ohne-10x10.jpg 10w, https:\/\/organic-mom.de\/wp-content\/uploads\/2022\/06\/Wipres_Hand_ohne.jpg 1200w\" \/>\t\t\t\t\t\t\t\t\t\t\t\t\t\t\t<\/div>\n\t\t\t\t<\/div>\n\t\t\t\t\t<\/div>\n\t\t<\/div>\n\t\t\t\t\t<\/div>\n\t\t<\/section>\n\t\t\t\t<\/div>\n\t\t","protected":false},"excerpt":{"rendered":"<ul class=\"a-unordered-list a-vertical a-spacing-mini\">\n<li><span class=\"a-list-item\">Super weich, nachhaltig, Zero-Waste &#8211; unsere OrganicMom Baby Wipes aus 70% Bambusfaser und 30% Baumwolle sind wiederverwendbar und ersetzen \u00fcber 3.000 herk\u00f6mmliche Einweg-Feuchtt\u00fccher sowie die dazugeh\u00f6rigen Plastikverpackungen.\u00a0<\/span><\/li>\n<\/ul>\n","protected":false},"featured_media":915,"comment_status":"open","ping_status":"closed","template":"","meta":[],"product_brand":[],"product_cat":[23],"product_tag":[],"class_list":{"0":"post-914","1":"product","2":"type-product","3":"status-publish","4":"has-post-thumbnail","6":"product_cat-organic","8":"first","9":"instock","10":"taxable","11":"shipping-taxable","12":"purchasable","13":"product-type-variable"},"etheme_brands":{"errors":{"invalid_taxonomy":["Die Taxonomie ist ung\u00fcltig."]},"error_data":[]},"_links":{"self":[{"href":"https:\/\/organic-mom.de\/de\/wp-json\/wp\/v2\/product\/914","targetHints":{"allow":["GET"]}}],"collection":[{"href":"https:\/\/organic-mom.de\/de\/wp-json\/wp\/v2\/product"}],"about":[{"href":"https:\/\/organic-mom.de\/de\/wp-json\/wp\/v2\/types\/product"}],"replies":[{"embeddable":true,"href":"https:\/\/organic-mom.de\/de\/wp-json\/wp\/v2\/comments?post=914"}],"version-history":[{"count":32,"href":"https:\/\/organic-mom.de\/de\/wp-json\/wp\/v2\/product\/914\/revisions"}],"predecessor-version":[{"id":2254,"href":"https:\/\/organic-mom.de\/de\/wp-json\/wp\/v2\/product\/914\/revisions\/2254"}],"wp:featuredmedia":[{"embeddable":true,"href":"https:\/\/organic-mom.de\/de\/wp-json\/wp\/v2\/media\/915"}],"wp:attachment":[{"href":"https:\/\/organic-mom.de\/de\/wp-json\/wp\/v2\/media?parent=914"}],"wp:term":[{"taxonomy":"product_brand","embeddable":true,"href":"https:\/\/organic-mom.de\/de\/wp-json\/wp\/v2\/product_brand?post=914"},{"taxonomy":"product_cat","embeddable":true,"href":"https:\/\/organic-mom.de\/de\/wp-json\/wp\/v2\/product_cat?post=914"},{"taxonomy":"product_tag","embeddable":true,"href":"https:\/\/organic-mom.de\/de\/wp-json\/wp\/v2\/product_tag?post=914"}],"curies":[{"name":"wp","href":"https:\/\/api.w.org\/{rel}","templated":true}]}}