{"id":1402,"date":"2022-08-18T10:29:49","date_gmt":"2022-08-18T10:29:49","guid":{"rendered":"https:\/\/organic-mom.de\/?post_type=product&#038;p=1402"},"modified":"2026-04-20T09:22:28","modified_gmt":"2026-04-20T07:22:28","slug":"kids-hand-sewn-organic-cotton-handkerchiefs","status":"publish","type":"product","link":"https:\/\/organic-mom.de\/de\/produkt\/kids-hand-sewn-organic-cotton-handkerchiefs\/","title":{"rendered":"Stofftaschent\u00fccher (Handmade) aus Bio-Baumwolle inkl. Stoffbeutel &#8211; f\u00fcr Kinder"},"content":{"rendered":"\t\t<div data-elementor-type=\"wp-post\" data-elementor-id=\"1402\" class=\"elementor elementor-1402\">\n\t\t\t\t\t\t<section class=\"elementor-section elementor-top-section elementor-element elementor-element-da7da54 elementor-section-boxed elementor-section-height-default elementor-section-height-default\" data-id=\"da7da54\" data-element_type=\"section\" data-e-type=\"section\">\n\t\t\t\t\t\t<div class=\"elementor-container elementor-column-gap-default\">\n\t\t\t\t\t<div class=\"elementor-column elementor-col-100 elementor-top-column elementor-element elementor-element-8d31448\" data-id=\"8d31448\" data-element_type=\"column\" data-e-type=\"column\">\n\t\t\t<div class=\"elementor-widget-wrap elementor-element-populated\">\n\t\t\t\t\t\t<div class=\"elementor-element elementor-element-6f382db elementor-widget elementor-widget-heading\" data-id=\"6f382db\" data-element_type=\"widget\" data-e-type=\"widget\" data-widget_type=\"heading.default\">\n\t\t\t\t<div class=\"elementor-widget-container\">\n\t\t\t\t\t<h2 class=\"elementor-heading-title elementor-size-default\">Hygienisch und Praktisch\n<\/h2>\t\t\t\t<\/div>\n\t\t\t\t<\/div>\n\t\t\t\t\t<\/div>\n\t\t<\/div>\n\t\t\t\t\t<\/div>\n\t\t<\/section>\n\t\t\t\t<section class=\"elementor-section elementor-top-section elementor-element elementor-element-ba6c284 elementor-section-boxed elementor-section-height-default elementor-section-height-default\" data-id=\"ba6c284\" data-element_type=\"section\" data-e-type=\"section\">\n\t\t\t\t\t\t<div class=\"elementor-container elementor-column-gap-default\">\n\t\t\t\t\t<div class=\"elementor-column elementor-col-50 elementor-top-column elementor-element elementor-element-160df02\" data-id=\"160df02\" data-element_type=\"column\" data-e-type=\"column\">\n\t\t\t<div class=\"elementor-widget-wrap elementor-element-populated\">\n\t\t\t\t\t\t<div class=\"elementor-element elementor-element-311a7e6 elementor-widget elementor-widget-text-editor\" data-id=\"311a7e6\" data-element_type=\"widget\" data-e-type=\"widget\" data-widget_type=\"text-editor.default\">\n\t\t\t\t<div class=\"elementor-widget-container\">\n\t\t\t\t\t\t\t\t\t<p>Die Stofftaschent\u00fccher liefern wir in einem praktischen Schutzbeutel, der nach Gebrauch direkt in die Waschmaschine gesteckt werden.<br \/>So kannst du die Taschent\u00fccher immer und immer wieder verwenden.<\/p><p>Nachhaltigkeit kann so einfach sein.<\/p>\t\t\t\t\t\t\t\t<\/div>\n\t\t\t\t<\/div>\n\t\t\t\t\t<\/div>\n\t\t<\/div>\n\t\t\t\t<div class=\"elementor-column elementor-col-50 elementor-top-column elementor-element elementor-element-4c235fc\" data-id=\"4c235fc\" data-element_type=\"column\" data-e-type=\"column\">\n\t\t\t<div class=\"elementor-widget-wrap elementor-element-populated\">\n\t\t\t\t\t\t<div class=\"elementor-element elementor-element-c8d05d4 elementor-widget elementor-widget-image\" data-id=\"c8d05d4\" data-element_type=\"widget\" data-e-type=\"widget\" data-widget_type=\"image.default\">\n\t\t\t\t<div class=\"elementor-widget-container\">\n\t\t\t\t\t\t\t\t\t\t\t\t\t\t\t<img fetchpriority=\"high\" decoding=\"async\" width=\"300\" height=\"300\" src=\"https:\/\/organic-mom.de\/wp-content\/uploads\/xstore\/xstore-placeholder-1x1.png\" class=\"attachment-medium size-medium wp-image-1404 lazyload lazyload-simple et-lazyload-fadeIn\" alt=\"\" sizes=\"(max-width: 300px) 100vw, 300px\" data-src=\"https:\/\/organic-mom.de\/wp-content\/uploads\/2022\/08\/Kids_TT3-300x300.jpg\" data-srcset=\"https:\/\/organic-mom.de\/wp-content\/uploads\/2022\/08\/Kids_TT3-300x300.jpg 300w, https:\/\/organic-mom.de\/wp-content\/uploads\/2022\/08\/Kids_TT3-100x100.jpg 100w, https:\/\/organic-mom.de\/wp-content\/uploads\/2022\/08\/Kids_TT3-600x600.jpg 600w, https:\/\/organic-mom.de\/wp-content\/uploads\/2022\/08\/Kids_TT3-1024x1024.jpg 1024w, https:\/\/organic-mom.de\/wp-content\/uploads\/2022\/08\/Kids_TT3-150x150.jpg 150w, https:\/\/organic-mom.de\/wp-content\/uploads\/2022\/08\/Kids_TT3-768x768.jpg 768w, https:\/\/organic-mom.de\/wp-content\/uploads\/2022\/08\/Kids_TT3-12x12.jpg 12w, https:\/\/organic-mom.de\/wp-content\/uploads\/2022\/08\/Kids_TT3-1x1.jpg 1w, https:\/\/organic-mom.de\/wp-content\/uploads\/2022\/08\/Kids_TT3-10x10.jpg 10w, https:\/\/organic-mom.de\/wp-content\/uploads\/2022\/08\/Kids_TT3.jpg 1200w\" \/>\t\t\t\t\t\t\t\t\t\t\t\t\t\t\t<\/div>\n\t\t\t\t<\/div>\n\t\t\t\t\t<\/div>\n\t\t<\/div>\n\t\t\t\t\t<\/div>\n\t\t<\/section>\n\t\t\t\t<section class=\"elementor-section elementor-top-section elementor-element elementor-element-fe7c459 elementor-section-boxed elementor-section-height-default elementor-section-height-default\" data-id=\"fe7c459\" data-element_type=\"section\" data-e-type=\"section\">\n\t\t\t\t\t\t<div class=\"elementor-container elementor-column-gap-default\">\n\t\t\t\t\t<div class=\"elementor-column elementor-col-100 elementor-top-column elementor-element elementor-element-329ac4c\" data-id=\"329ac4c\" data-element_type=\"column\" data-e-type=\"column\">\n\t\t\t<div class=\"elementor-widget-wrap elementor-element-populated\">\n\t\t\t\t\t\t<div class=\"elementor-element elementor-element-4232509 elementor-widget elementor-widget-heading\" data-id=\"4232509\" data-element_type=\"widget\" data-e-type=\"widget\" data-widget_type=\"heading.default\">\n\t\t\t\t<div class=\"elementor-widget-container\">\n\t\t\t\t\t<h2 class=\"elementor-heading-title elementor-size-default\">Warum Stofftaschent\u00fccher?<\/h2>\t\t\t\t<\/div>\n\t\t\t\t<\/div>\n\t\t\t\t\t<\/div>\n\t\t<\/div>\n\t\t\t\t\t<\/div>\n\t\t<\/section>\n\t\t\t\t<section class=\"elementor-section elementor-top-section elementor-element elementor-element-47d948d elementor-section-boxed elementor-section-height-default elementor-section-height-default\" data-id=\"47d948d\" data-element_type=\"section\" data-e-type=\"section\">\n\t\t\t\t\t\t<div class=\"elementor-container elementor-column-gap-default\">\n\t\t\t\t\t<div class=\"elementor-column elementor-col-100 elementor-top-column elementor-element elementor-element-7198225\" data-id=\"7198225\" data-element_type=\"column\" data-e-type=\"column\">\n\t\t\t<div class=\"elementor-widget-wrap elementor-element-populated\">\n\t\t\t\t\t\t<div class=\"elementor-element elementor-element-8f8e7fc elementor-widget elementor-widget-text-editor\" data-id=\"8f8e7fc\" data-element_type=\"widget\" data-e-type=\"widget\" data-widget_type=\"text-editor.default\">\n\t\t\t\t<div class=\"elementor-widget-container\">\n\t\t\t\t\t\t\t\t\t<p class=\"a-spacing-base\">Es ist uns wichtig, diese alte Tradition wieder aufleben zu lassen. Schon unsere Gro\u00dfeltern benutzten fast ausschlie\u00dflich Stofftaschent\u00fccher und waren damit nachhaltiger als wir es heute sind. Es ist eine der einfachsten M\u00f6glichkeiten Abfall zu vermeiden und unsere Umwelt somit zu entlasten.<\/p><p class=\"a-spacing-base\">Unsere Stofftaschent\u00fccher werden mit viel Liebe aus biologischen Stoffen hergestellt.<\/p>\t\t\t\t\t\t\t\t<\/div>\n\t\t\t\t<\/div>\n\t\t\t\t\t<\/div>\n\t\t<\/div>\n\t\t\t\t\t<\/div>\n\t\t<\/section>\n\t\t\t\t<section class=\"elementor-section elementor-top-section elementor-element elementor-element-66569a1 elementor-section-boxed elementor-section-height-default elementor-section-height-default\" data-id=\"66569a1\" data-element_type=\"section\" data-e-type=\"section\">\n\t\t\t\t\t\t<div class=\"elementor-container elementor-column-gap-default\">\n\t\t\t\t\t<div class=\"elementor-column elementor-col-100 elementor-top-column elementor-element elementor-element-9e3af9b\" data-id=\"9e3af9b\" data-element_type=\"column\" data-e-type=\"column\">\n\t\t\t<div class=\"elementor-widget-wrap elementor-element-populated\">\n\t\t\t\t\t\t<div class=\"elementor-element elementor-element-d16208e elementor-widget elementor-widget-heading\" data-id=\"d16208e\" data-element_type=\"widget\" data-e-type=\"widget\" data-widget_type=\"heading.default\">\n\t\t\t\t<div class=\"elementor-widget-container\">\n\t\t\t\t\t<h2 class=\"elementor-heading-title elementor-size-default\">Nachhaltigkeit f\u00fcr die ganze Familie<\/h2>\t\t\t\t<\/div>\n\t\t\t\t<\/div>\n\t\t\t\t\t<\/div>\n\t\t<\/div>\n\t\t\t\t\t<\/div>\n\t\t<\/section>\n\t\t\t\t<section class=\"elementor-section elementor-top-section elementor-element elementor-element-06a6670 elementor-section-boxed elementor-section-height-default elementor-section-height-default\" data-id=\"06a6670\" data-element_type=\"section\" data-e-type=\"section\">\n\t\t\t\t\t\t<div class=\"elementor-container elementor-column-gap-default\">\n\t\t\t\t\t<div class=\"elementor-column elementor-col-50 elementor-top-column elementor-element elementor-element-eccc76c\" data-id=\"eccc76c\" data-element_type=\"column\" data-e-type=\"column\">\n\t\t\t<div class=\"elementor-widget-wrap elementor-element-populated\">\n\t\t\t\t\t\t<div class=\"elementor-element elementor-element-636125e elementor-widget elementor-widget-image\" data-id=\"636125e\" data-element_type=\"widget\" data-e-type=\"widget\" data-widget_type=\"image.default\">\n\t\t\t\t<div class=\"elementor-widget-container\">\n\t\t\t\t\t\t\t\t\t\t\t\t\t\t\t<img decoding=\"async\" width=\"300\" height=\"300\" src=\"https:\/\/organic-mom.de\/wp-content\/uploads\/xstore\/xstore-placeholder-1x1.png\" class=\"attachment-medium size-medium wp-image-1403 lazyload lazyload-simple et-lazyload-fadeIn\" alt=\"\" sizes=\"(max-width: 300px) 100vw, 300px\" data-src=\"https:\/\/organic-mom.de\/wp-content\/uploads\/2022\/08\/Kids_TT2-300x300.jpg\" data-srcset=\"https:\/\/organic-mom.de\/wp-content\/uploads\/2022\/08\/Kids_TT2-300x300.jpg 300w, https:\/\/organic-mom.de\/wp-content\/uploads\/2022\/08\/Kids_TT2-100x100.jpg 100w, https:\/\/organic-mom.de\/wp-content\/uploads\/2022\/08\/Kids_TT2-600x600.jpg 600w, https:\/\/organic-mom.de\/wp-content\/uploads\/2022\/08\/Kids_TT2-1024x1024.jpg 1024w, https:\/\/organic-mom.de\/wp-content\/uploads\/2022\/08\/Kids_TT2-150x150.jpg 150w, https:\/\/organic-mom.de\/wp-content\/uploads\/2022\/08\/Kids_TT2-768x768.jpg 768w, https:\/\/organic-mom.de\/wp-content\/uploads\/2022\/08\/Kids_TT2-12x12.jpg 12w, https:\/\/organic-mom.de\/wp-content\/uploads\/2022\/08\/Kids_TT2-1x1.jpg 1w, https:\/\/organic-mom.de\/wp-content\/uploads\/2022\/08\/Kids_TT2-10x10.jpg 10w, https:\/\/organic-mom.de\/wp-content\/uploads\/2022\/08\/Kids_TT2.jpg 1200w\" \/>\t\t\t\t\t\t\t\t\t\t\t\t\t\t\t<\/div>\n\t\t\t\t<\/div>\n\t\t\t\t\t<\/div>\n\t\t<\/div>\n\t\t\t\t<div class=\"elementor-column elementor-col-50 elementor-top-column elementor-element elementor-element-d075007\" data-id=\"d075007\" data-element_type=\"column\" data-e-type=\"column\">\n\t\t\t<div class=\"elementor-widget-wrap elementor-element-populated\">\n\t\t\t\t\t\t<div class=\"elementor-element elementor-element-957a2fd elementor-widget elementor-widget-text-editor\" data-id=\"957a2fd\" data-element_type=\"widget\" data-e-type=\"widget\" data-widget_type=\"text-editor.default\">\n\t\t\t\t<div class=\"elementor-widget-container\">\n\t\t\t\t\t\t\t\t\t<p>Herk\u00f6mmliche Papiertaschent\u00fccher verursachen jede Menge Papier- und Plastikm\u00fcll.<\/p><p>Mit unseren Stofftaschent\u00fcchern sparst du nicht nur Abfall ein, sondern tust zudem etwas Gutes f\u00fcr die Zukunft unserer Liebsten.<\/p>\t\t\t\t\t\t\t\t<\/div>\n\t\t\t\t<\/div>\n\t\t\t\t\t<\/div>\n\t\t<\/div>\n\t\t\t\t\t<\/div>\n\t\t<\/section>\n\t\t\t\t<\/div>\n\t\t","protected":false},"excerpt":{"rendered":"<ul class=\"a-unordered-list a-vertical a-spacing-mini\">\n<li><span class=\"a-list-item\">Designed in Vienna<\/span><\/li>\n<li><span class=\"a-list-item\">Modernes Design, praktisch und nachhaltig<\/span><\/li>\n<li><span class=\"a-list-item\">Gr\u00f6\u00dfe: 20 x 20 cm<\/span><\/li>\n<li><span class=\"a-list-item\">100% Bio-Baumwolle<\/span><\/li>\n<li>3 St\u00fcck<\/li>\n<\/ul>\n","protected":false},"featured_media":1403,"comment_status":"open","ping_status":"closed","template":"","meta":[],"product_brand":[],"product_cat":[23],"product_tag":[],"class_list":{"0":"post-1402","1":"product","2":"type-product","3":"status-publish","4":"has-post-thumbnail","6":"product_cat-organic","8":"first","9":"instock","10":"taxable","11":"shipping-taxable","12":"purchasable","13":"product-type-simple"},"etheme_brands":{"errors":{"invalid_taxonomy":["Die Taxonomie ist ung\u00fcltig."]},"error_data":[]},"_links":{"self":[{"href":"https:\/\/organic-mom.de\/de\/wp-json\/wp\/v2\/product\/1402","targetHints":{"allow":["GET"]}}],"collection":[{"href":"https:\/\/organic-mom.de\/de\/wp-json\/wp\/v2\/product"}],"about":[{"href":"https:\/\/organic-mom.de\/de\/wp-json\/wp\/v2\/types\/product"}],"replies":[{"embeddable":true,"href":"https:\/\/organic-mom.de\/de\/wp-json\/wp\/v2\/comments?post=1402"}],"version-history":[{"count":32,"href":"https:\/\/organic-mom.de\/de\/wp-json\/wp\/v2\/product\/1402\/revisions"}],"predecessor-version":[{"id":2235,"href":"https:\/\/organic-mom.de\/de\/wp-json\/wp\/v2\/product\/1402\/revisions\/2235"}],"wp:featuredmedia":[{"embeddable":true,"href":"https:\/\/organic-mom.de\/de\/wp-json\/wp\/v2\/media\/1403"}],"wp:attachment":[{"href":"https:\/\/organic-mom.de\/de\/wp-json\/wp\/v2\/media?parent=1402"}],"wp:term":[{"taxonomy":"product_brand","embeddable":true,"href":"https:\/\/organic-mom.de\/de\/wp-json\/wp\/v2\/product_brand?post=1402"},{"taxonomy":"product_cat","embeddable":true,"href":"https:\/\/organic-mom.de\/de\/wp-json\/wp\/v2\/product_cat?post=1402"},{"taxonomy":"product_tag","embeddable":true,"href":"https:\/\/organic-mom.de\/de\/wp-json\/wp\/v2\/product_tag?post=1402"}],"curies":[{"name":"wp","href":"https:\/\/api.w.org\/{rel}","templated":true}]}}