{"id":1537,"date":"2022-08-21T23:13:03","date_gmt":"2022-08-21T23:13:03","guid":{"rendered":"https:\/\/organic-mom.de\/?page_id=1537"},"modified":"2022-08-22T18:29:26","modified_gmt":"2022-08-22T18:29:26","slug":"faq","status":"publish","type":"page","link":"https:\/\/organic-mom.de\/de\/faq\/","title":{"rendered":"FAQ"},"content":{"rendered":"\t\t<div data-elementor-type=\"wp-page\" data-elementor-id=\"1537\" class=\"elementor elementor-1537\">\n\t\t\t\t\t\t<section class=\"elementor-section elementor-top-section elementor-element elementor-element-3f159e64 elementor-section-boxed elementor-section-height-default elementor-section-height-default\" data-id=\"3f159e64\" data-element_type=\"section\" data-e-type=\"section\">\n\t\t\t\t\t\t<div class=\"elementor-container elementor-column-gap-default\">\n\t\t\t\t\t<div class=\"elementor-column elementor-col-100 elementor-top-column elementor-element elementor-element-31d58fa\" data-id=\"31d58fa\" data-element_type=\"column\" data-e-type=\"column\">\n\t\t\t<div class=\"elementor-widget-wrap elementor-element-populated\">\n\t\t\t\t\t\t<div class=\"elementor-element elementor-element-41676984 elementor-widget elementor-widget-heading\" data-id=\"41676984\" data-element_type=\"widget\" data-e-type=\"widget\" id=\"faq\" data-widget_type=\"heading.default\">\n\t\t\t\t<div class=\"elementor-widget-container\">\n\t\t\t\t\t<h2 class=\"elementor-heading-title elementor-size-default\">FAQ<\/h2>\t\t\t\t<\/div>\n\t\t\t\t<\/div>\n\t\t\t\t<div class=\"elementor-element elementor-element-89fbfa6 elementor-widget elementor-widget-heading\" data-id=\"89fbfa6\" data-element_type=\"widget\" data-e-type=\"widget\" data-widget_type=\"heading.default\">\n\t\t\t\t<div class=\"elementor-widget-container\">\n\t\t\t\t\t<h2 class=\"elementor-heading-title elementor-size-default\">Versand Lieferkosten<\/h2>\t\t\t\t<\/div>\n\t\t\t\t<\/div>\n\t\t\t\t<div class=\"elementor-element elementor-element-5ba0fe4d elementor-widget elementor-widget-toggle\" data-id=\"5ba0fe4d\" data-element_type=\"widget\" data-e-type=\"widget\" data-widget_type=\"toggle.default\">\n\t\t\t\t<div class=\"elementor-widget-container\">\n\t\t\t\t\t\t\t<div class=\"elementor-toggle\">\n\t\t\t\t\t\t\t<div class=\"elementor-toggle-item\">\n\t\t\t\t\t<div id=\"elementor-tab-title-1531\" class=\"elementor-tab-title\" data-tab=\"1\" role=\"button\" aria-controls=\"elementor-tab-content-1531\" aria-expanded=\"false\">\n\t\t\t\t\t\t\t\t\t\t\t\t<span class=\"elementor-toggle-icon elementor-toggle-icon-left\" aria-hidden=\"true\">\n\t\t\t\t\t\t\t\t\t\t\t\t\t\t\t<span class=\"elementor-toggle-icon-closed\"><i class=\"fas fa-caret-right\"><\/i><\/span>\n\t\t\t\t\t\t\t\t<span class=\"elementor-toggle-icon-opened\"><i class=\"elementor-toggle-icon-opened fas fa-caret-up\"><\/i><\/span>\n\t\t\t\t\t\t\t\t\t\t\t\t\t<\/span>\n\t\t\t\t\t\t\t\t\t\t\t\t<a class=\"elementor-toggle-title\" tabindex=\"0\">Wie viel kostet der Versand?<\/a>\n\t\t\t\t\t<\/div>\n\n\t\t\t\t\t<div id=\"elementor-tab-content-1531\" class=\"elementor-tab-content elementor-clearfix\" data-tab=\"1\" role=\"region\" aria-labelledby=\"elementor-tab-title-1531\"><p>Ab einem Bestellwert von 20\u20ac ist der Versand innerhalb Deutschlands kostenfrei. Bei Lieferungen unter einem Bestellwert von 20\u20ac fallen 3,90\u20ac Versandkosten an. Lieferungen ausserhalb Deutschlands haben gesonderte Versandkosten, kontaktiere uns hierzu gerne.<\/p><\/div>\n\t\t\t\t<\/div>\n\t\t\t\t\t\t\t<div class=\"elementor-toggle-item\">\n\t\t\t\t\t<div id=\"elementor-tab-title-1532\" class=\"elementor-tab-title\" data-tab=\"2\" role=\"button\" aria-controls=\"elementor-tab-content-1532\" aria-expanded=\"false\">\n\t\t\t\t\t\t\t\t\t\t\t\t<span class=\"elementor-toggle-icon elementor-toggle-icon-left\" aria-hidden=\"true\">\n\t\t\t\t\t\t\t\t\t\t\t\t\t\t\t<span class=\"elementor-toggle-icon-closed\"><i class=\"fas fa-caret-right\"><\/i><\/span>\n\t\t\t\t\t\t\t\t<span class=\"elementor-toggle-icon-opened\"><i class=\"elementor-toggle-icon-opened fas fa-caret-up\"><\/i><\/span>\n\t\t\t\t\t\t\t\t\t\t\t\t\t<\/span>\n\t\t\t\t\t\t\t\t\t\t\t\t<a class=\"elementor-toggle-title\" tabindex=\"0\">Wie lange dauert es, bis ich meine Organic-Mom Produkte erhalte?<\/a>\n\t\t\t\t\t<\/div>\n\n\t\t\t\t\t<div id=\"elementor-tab-content-1532\" class=\"elementor-tab-content elementor-clearfix\" data-tab=\"2\" role=\"region\" aria-labelledby=\"elementor-tab-title-1532\"><p>Wenn wir deine Bestellung erhalten haben, betr\u00e4gt die Lieferzeit 1-3 Tage.<\/p><\/div>\n\t\t\t\t<\/div>\n\t\t\t\t\t\t\t<div class=\"elementor-toggle-item\">\n\t\t\t\t\t<div id=\"elementor-tab-title-1533\" class=\"elementor-tab-title\" data-tab=\"3\" role=\"button\" aria-controls=\"elementor-tab-content-1533\" aria-expanded=\"false\">\n\t\t\t\t\t\t\t\t\t\t\t\t<span class=\"elementor-toggle-icon elementor-toggle-icon-left\" aria-hidden=\"true\">\n\t\t\t\t\t\t\t\t\t\t\t\t\t\t\t<span class=\"elementor-toggle-icon-closed\"><i class=\"fas fa-caret-right\"><\/i><\/span>\n\t\t\t\t\t\t\t\t<span class=\"elementor-toggle-icon-opened\"><i class=\"elementor-toggle-icon-opened fas fa-caret-up\"><\/i><\/span>\n\t\t\t\t\t\t\t\t\t\t\t\t\t<\/span>\n\t\t\t\t\t\t\t\t\t\t\t\t<a class=\"elementor-toggle-title\" tabindex=\"0\">Kann ich meine Bestellung auch an eine Packstation liefern lassen?<\/a>\n\t\t\t\t\t<\/div>\n\n\t\t\t\t\t<div id=\"elementor-tab-content-1533\" class=\"elementor-tab-content elementor-clearfix\" data-tab=\"3\" role=\"region\" aria-labelledby=\"elementor-tab-title-1533\"><p>Sehr gerne. Trage bei der Bestellung einfach die gew\u00fcnschte Packstation in die Lieferanschrift ein. Achte darauf, dass die Postnummer in den Adresszusatz, &#8222;Packstation&#8220; als Stra\u00dfe, \u201ePackstation-Nummer\u201c als Hausnummer angegeben wird.<\/p><\/div>\n\t\t\t\t<\/div>\n\t\t\t\t\t\t\t<div class=\"elementor-toggle-item\">\n\t\t\t\t\t<div id=\"elementor-tab-title-1534\" class=\"elementor-tab-title\" data-tab=\"4\" role=\"button\" aria-controls=\"elementor-tab-content-1534\" aria-expanded=\"false\">\n\t\t\t\t\t\t\t\t\t\t\t\t<span class=\"elementor-toggle-icon elementor-toggle-icon-left\" aria-hidden=\"true\">\n\t\t\t\t\t\t\t\t\t\t\t\t\t\t\t<span class=\"elementor-toggle-icon-closed\"><i class=\"fas fa-caret-right\"><\/i><\/span>\n\t\t\t\t\t\t\t\t<span class=\"elementor-toggle-icon-opened\"><i class=\"elementor-toggle-icon-opened fas fa-caret-up\"><\/i><\/span>\n\t\t\t\t\t\t\t\t\t\t\t\t\t<\/span>\n\t\t\t\t\t\t\t\t\t\t\t\t<a class=\"elementor-toggle-title\" tabindex=\"0\">Kann ich sehen, wo sich meine Bestellung gerade befindet?<\/a>\n\t\t\t\t\t<\/div>\n\n\t\t\t\t\t<div id=\"elementor-tab-content-1534\" class=\"elementor-tab-content elementor-clearfix\" data-tab=\"4\" role=\"region\" aria-labelledby=\"elementor-tab-title-1534\"><p>Sobald deine Bestellung auf dem Weg zu dir ist, erh\u00e4ltst du von uns eine Benachrichtigung. In dieser Nachricht findest du eine Sendungsverfolgungsnummer, mit der du deine Bestellung orten kannst.<\/p><\/div>\n\t\t\t\t<\/div>\n\t\t\t\t\t\t\t<div class=\"elementor-toggle-item\">\n\t\t\t\t\t<div id=\"elementor-tab-title-1535\" class=\"elementor-tab-title\" data-tab=\"5\" role=\"button\" aria-controls=\"elementor-tab-content-1535\" aria-expanded=\"false\">\n\t\t\t\t\t\t\t\t\t\t\t\t<span class=\"elementor-toggle-icon elementor-toggle-icon-left\" aria-hidden=\"true\">\n\t\t\t\t\t\t\t\t\t\t\t\t\t\t\t<span class=\"elementor-toggle-icon-closed\"><i class=\"fas fa-caret-right\"><\/i><\/span>\n\t\t\t\t\t\t\t\t<span class=\"elementor-toggle-icon-opened\"><i class=\"elementor-toggle-icon-opened fas fa-caret-up\"><\/i><\/span>\n\t\t\t\t\t\t\t\t\t\t\t\t\t<\/span>\n\t\t\t\t\t\t\t\t\t\t\t\t<a class=\"elementor-toggle-title\" tabindex=\"0\">In welche L\u00e4nder liefert ihr?<\/a>\n\t\t\t\t\t<\/div>\n\n\t\t\t\t\t<div id=\"elementor-tab-content-1535\" class=\"elementor-tab-content elementor-clearfix\" data-tab=\"5\" role=\"region\" aria-labelledby=\"elementor-tab-title-1535\"><p>Wir liefern in die komplette EU und in die Schweiz.<\/p><\/div>\n\t\t\t\t<\/div>\n\t\t\t\t\t\t\t\t\t\t<script type=\"application\/ld+json\">{\"@context\":\"https:\\\/\\\/schema.org\",\"@type\":\"FAQPage\",\"mainEntity\":[{\"@type\":\"Question\",\"name\":\"Wie viel kostet der Versand?\",\"acceptedAnswer\":{\"@type\":\"Answer\",\"text\":\"<p>Ab einem Bestellwert von 20\\u20ac ist der Versand innerhalb Deutschlands kostenfrei. Bei Lieferungen unter einem Bestellwert von 20\\u20ac fallen 3,90\\u20ac Versandkosten an. Lieferungen ausserhalb Deutschlands haben gesonderte Versandkosten, kontaktiere uns hierzu gerne.<\\\/p>\"}},{\"@type\":\"Question\",\"name\":\"Wie lange dauert es, bis ich meine Organic-Mom Produkte erhalte?\",\"acceptedAnswer\":{\"@type\":\"Answer\",\"text\":\"<p>Wenn wir deine Bestellung erhalten haben, betr\\u00e4gt die Lieferzeit 1-3 Tage.<\\\/p>\"}},{\"@type\":\"Question\",\"name\":\"Kann ich meine Bestellung auch an eine Packstation liefern lassen?\",\"acceptedAnswer\":{\"@type\":\"Answer\",\"text\":\"<p>Sehr gerne. Trage bei der Bestellung einfach die gew\\u00fcnschte Packstation in die Lieferanschrift ein. Achte darauf, dass die Postnummer in den Adresszusatz, &#8222;Packstation&#8220; als Stra\\u00dfe, \\u201ePackstation-Nummer\\u201c als Hausnummer angegeben wird.<\\\/p>\"}},{\"@type\":\"Question\",\"name\":\"Kann ich sehen, wo sich meine Bestellung gerade befindet?\",\"acceptedAnswer\":{\"@type\":\"Answer\",\"text\":\"<p>Sobald deine Bestellung auf dem Weg zu dir ist, erh\\u00e4ltst du von uns eine Benachrichtigung. In dieser Nachricht findest du eine Sendungsverfolgungsnummer, mit der du deine Bestellung orten kannst.<\\\/p>\"}},{\"@type\":\"Question\",\"name\":\"In welche L\\u00e4nder liefert ihr?\",\"acceptedAnswer\":{\"@type\":\"Answer\",\"text\":\"<p>Wir liefern in die komplette EU und in die Schweiz.<\\\/p>\"}}]}<\/script>\n\t\t\t\t\t<\/div>\n\t\t\t\t\t\t<\/div>\n\t\t\t\t<\/div>\n\t\t\t\t<div class=\"elementor-element elementor-element-21ee0bd elementor-widget elementor-widget-heading\" data-id=\"21ee0bd\" data-element_type=\"widget\" data-e-type=\"widget\" data-widget_type=\"heading.default\">\n\t\t\t\t<div class=\"elementor-widget-container\">\n\t\t\t\t\t<h2 class=\"elementor-heading-title elementor-size-default\">Zahlung<\/h2>\t\t\t\t<\/div>\n\t\t\t\t<\/div>\n\t\t\t\t<div class=\"elementor-element elementor-element-48ec0718 elementor-widget elementor-widget-toggle\" data-id=\"48ec0718\" data-element_type=\"widget\" data-e-type=\"widget\" data-widget_type=\"toggle.default\">\n\t\t\t\t<div class=\"elementor-widget-container\">\n\t\t\t\t\t\t\t<div class=\"elementor-toggle\">\n\t\t\t\t\t\t\t<div class=\"elementor-toggle-item\">\n\t\t\t\t\t<div id=\"elementor-tab-title-1221\" class=\"elementor-tab-title\" data-tab=\"1\" role=\"button\" aria-controls=\"elementor-tab-content-1221\" aria-expanded=\"false\">\n\t\t\t\t\t\t\t\t\t\t\t\t<span class=\"elementor-toggle-icon elementor-toggle-icon-left\" aria-hidden=\"true\">\n\t\t\t\t\t\t\t\t\t\t\t\t\t\t\t<span class=\"elementor-toggle-icon-closed\"><i class=\"fas fa-caret-right\"><\/i><\/span>\n\t\t\t\t\t\t\t\t<span class=\"elementor-toggle-icon-opened\"><i class=\"elementor-toggle-icon-opened fas fa-caret-up\"><\/i><\/span>\n\t\t\t\t\t\t\t\t\t\t\t\t\t<\/span>\n\t\t\t\t\t\t\t\t\t\t\t\t<a class=\"elementor-toggle-title\" tabindex=\"0\">Wie kann ich meine Bestellung bezahlen?<\/a>\n\t\t\t\t\t<\/div>\n\n\t\t\t\t\t<div id=\"elementor-tab-content-1221\" class=\"elementor-tab-content elementor-clearfix\" data-tab=\"1\" role=\"region\" aria-labelledby=\"elementor-tab-title-1221\"><p>Zwischen diesen Zahlungsarten kannst du dich entscheiden: Visa-Card, MasterCard, American Express, Paypal.<\/p><\/div>\n\t\t\t\t<\/div>\n\t\t\t\t\t\t\t<div class=\"elementor-toggle-item\">\n\t\t\t\t\t<div id=\"elementor-tab-title-1222\" class=\"elementor-tab-title\" data-tab=\"2\" role=\"button\" aria-controls=\"elementor-tab-content-1222\" aria-expanded=\"false\">\n\t\t\t\t\t\t\t\t\t\t\t\t<span class=\"elementor-toggle-icon elementor-toggle-icon-left\" aria-hidden=\"true\">\n\t\t\t\t\t\t\t\t\t\t\t\t\t\t\t<span class=\"elementor-toggle-icon-closed\"><i class=\"fas fa-caret-right\"><\/i><\/span>\n\t\t\t\t\t\t\t\t<span class=\"elementor-toggle-icon-opened\"><i class=\"elementor-toggle-icon-opened fas fa-caret-up\"><\/i><\/span>\n\t\t\t\t\t\t\t\t\t\t\t\t\t<\/span>\n\t\t\t\t\t\t\t\t\t\t\t\t<a class=\"elementor-toggle-title\" tabindex=\"0\">Wann und wie bekomme ich meine Rechnung?<\/a>\n\t\t\t\t\t<\/div>\n\n\t\t\t\t\t<div id=\"elementor-tab-content-1222\" class=\"elementor-tab-content elementor-clearfix\" data-tab=\"2\" role=\"region\" aria-labelledby=\"elementor-tab-title-1222\"><p>Auch hier m\u00f6chten wir nachhaltig sein und Papier einsparen, indem wir dir deine Rechnung nach deiner Bestellung direkt per Mail zusenden.<\/p><\/div>\n\t\t\t\t<\/div>\n\t\t\t\t\t\t\t\t\t\t<script type=\"application\/ld+json\">{\"@context\":\"https:\\\/\\\/schema.org\",\"@type\":\"FAQPage\",\"mainEntity\":[{\"@type\":\"Question\",\"name\":\"Wie kann ich meine Bestellung bezahlen?\",\"acceptedAnswer\":{\"@type\":\"Answer\",\"text\":\"<p>Zwischen diesen Zahlungsarten kannst du dich entscheiden: Visa-Card, MasterCard, American Express, Paypal.<\\\/p>\"}},{\"@type\":\"Question\",\"name\":\"Wann und wie bekomme ich meine Rechnung?\",\"acceptedAnswer\":{\"@type\":\"Answer\",\"text\":\"<p>Auch hier m\\u00f6chten wir nachhaltig sein und Papier einsparen, indem wir dir deine Rechnung nach deiner Bestellung direkt per Mail zusenden.<\\\/p>\"}}]}<\/script>\n\t\t\t\t\t<\/div>\n\t\t\t\t\t\t<\/div>\n\t\t\t\t<\/div>\n\t\t\t\t<div class=\"elementor-element elementor-element-7e58df6 elementor-widget elementor-widget-heading\" data-id=\"7e58df6\" data-element_type=\"widget\" data-e-type=\"widget\" data-widget_type=\"heading.default\">\n\t\t\t\t<div class=\"elementor-widget-container\">\n\t\t\t\t\t<h2 class=\"elementor-heading-title elementor-size-default\">R\u00fcckerstattung<\/h2>\t\t\t\t<\/div>\n\t\t\t\t<\/div>\n\t\t\t\t<div class=\"elementor-element elementor-element-5239e5f3 elementor-widget elementor-widget-toggle\" data-id=\"5239e5f3\" data-element_type=\"widget\" data-e-type=\"widget\" data-widget_type=\"toggle.default\">\n\t\t\t\t<div class=\"elementor-widget-container\">\n\t\t\t\t\t\t\t<div class=\"elementor-toggle\">\n\t\t\t\t\t\t\t<div class=\"elementor-toggle-item\">\n\t\t\t\t\t<div id=\"elementor-tab-title-1371\" class=\"elementor-tab-title\" data-tab=\"1\" role=\"button\" aria-controls=\"elementor-tab-content-1371\" aria-expanded=\"false\">\n\t\t\t\t\t\t\t\t\t\t\t\t<span class=\"elementor-toggle-icon elementor-toggle-icon-left\" aria-hidden=\"true\">\n\t\t\t\t\t\t\t\t\t\t\t\t\t\t\t<span class=\"elementor-toggle-icon-closed\"><i class=\"fas fa-caret-right\"><\/i><\/span>\n\t\t\t\t\t\t\t\t<span class=\"elementor-toggle-icon-opened\"><i class=\"elementor-toggle-icon-opened fas fa-caret-up\"><\/i><\/span>\n\t\t\t\t\t\t\t\t\t\t\t\t\t<\/span>\n\t\t\t\t\t\t\t\t\t\t\t\t<a class=\"elementor-toggle-title\" tabindex=\"0\">Ein Artikel ist beim Versand besch\u00e4digt worden. Was kann ich tun?<\/a>\n\t\t\t\t\t<\/div>\n\n\t\t\t\t\t<div id=\"elementor-tab-content-1371\" class=\"elementor-tab-content elementor-clearfix\" data-tab=\"1\" role=\"region\" aria-labelledby=\"elementor-tab-title-1371\"><p>Deine Zufriedenheit ist uns besonders wichtig. Bitte wende dich bei Fragen direkt an unseren Kundenservice: support@organic-mom.de Wir werden unser Bestes geben, um dein Problem schnellst m\u00f6glich zu beheben.<\/p><\/div>\n\t\t\t\t<\/div>\n\t\t\t\t\t\t\t<div class=\"elementor-toggle-item\">\n\t\t\t\t\t<div id=\"elementor-tab-title-1372\" class=\"elementor-tab-title\" data-tab=\"2\" role=\"button\" aria-controls=\"elementor-tab-content-1372\" aria-expanded=\"false\">\n\t\t\t\t\t\t\t\t\t\t\t\t<span class=\"elementor-toggle-icon elementor-toggle-icon-left\" aria-hidden=\"true\">\n\t\t\t\t\t\t\t\t\t\t\t\t\t\t\t<span class=\"elementor-toggle-icon-closed\"><i class=\"fas fa-caret-right\"><\/i><\/span>\n\t\t\t\t\t\t\t\t<span class=\"elementor-toggle-icon-opened\"><i class=\"elementor-toggle-icon-opened fas fa-caret-up\"><\/i><\/span>\n\t\t\t\t\t\t\t\t\t\t\t\t\t<\/span>\n\t\t\t\t\t\t\t\t\t\t\t\t<a class=\"elementor-toggle-title\" tabindex=\"0\">Wie kann ich meinen Einkauf widerrufen?<\/a>\n\t\t\t\t\t<\/div>\n\n\t\t\t\t\t<div id=\"elementor-tab-content-1372\" class=\"elementor-tab-content elementor-clearfix\" data-tab=\"2\" role=\"region\" aria-labelledby=\"elementor-tab-title-1372\"><p>Solltest du mit deinem Einkauf in irgendeiner Weise nicht zufrieden sein, kannst du diesen innerhalb der Frist von 14 Tagen mithilfe des Formulars in der Widerrufsbelehrung widerrufen.<\/p><\/div>\n\t\t\t\t<\/div>\n\t\t\t\t\t\t\t<div class=\"elementor-toggle-item\">\n\t\t\t\t\t<div id=\"elementor-tab-title-1373\" class=\"elementor-tab-title\" data-tab=\"3\" role=\"button\" aria-controls=\"elementor-tab-content-1373\" aria-expanded=\"false\">\n\t\t\t\t\t\t\t\t\t\t\t\t<span class=\"elementor-toggle-icon elementor-toggle-icon-left\" aria-hidden=\"true\">\n\t\t\t\t\t\t\t\t\t\t\t\t\t\t\t<span class=\"elementor-toggle-icon-closed\"><i class=\"fas fa-caret-right\"><\/i><\/span>\n\t\t\t\t\t\t\t\t<span class=\"elementor-toggle-icon-opened\"><i class=\"elementor-toggle-icon-opened fas fa-caret-up\"><\/i><\/span>\n\t\t\t\t\t\t\t\t\t\t\t\t\t<\/span>\n\t\t\t\t\t\t\t\t\t\t\t\t<a class=\"elementor-toggle-title\" tabindex=\"0\">Auf welche Art erhalte ich mein Geld zur\u00fcck?<\/a>\n\t\t\t\t\t<\/div>\n\n\t\t\t\t\t<div id=\"elementor-tab-content-1373\" class=\"elementor-tab-content elementor-clearfix\" data-tab=\"3\" role=\"region\" aria-labelledby=\"elementor-tab-title-1373\"><p>Sobald wir deine R\u00fccksendung erhalten haben, bekommst du deine Gutschrift auf dem Weg zur\u00fcck, den du als Zahlungsart bei der Bestellung angegeben hast.<\/p><\/div>\n\t\t\t\t<\/div>\n\t\t\t\t\t\t\t<div class=\"elementor-toggle-item\">\n\t\t\t\t\t<div id=\"elementor-tab-title-1374\" class=\"elementor-tab-title\" data-tab=\"4\" role=\"button\" aria-controls=\"elementor-tab-content-1374\" aria-expanded=\"false\">\n\t\t\t\t\t\t\t\t\t\t\t\t<span class=\"elementor-toggle-icon elementor-toggle-icon-left\" aria-hidden=\"true\">\n\t\t\t\t\t\t\t\t\t\t\t\t\t\t\t<span class=\"elementor-toggle-icon-closed\"><i class=\"fas fa-caret-right\"><\/i><\/span>\n\t\t\t\t\t\t\t\t<span class=\"elementor-toggle-icon-opened\"><i class=\"elementor-toggle-icon-opened fas fa-caret-up\"><\/i><\/span>\n\t\t\t\t\t\t\t\t\t\t\t\t\t<\/span>\n\t\t\t\t\t\t\t\t\t\t\t\t<a class=\"elementor-toggle-title\" tabindex=\"0\">Was muss ich bei einer R\u00fccksendung beachten?<\/a>\n\t\t\t\t\t<\/div>\n\n\t\t\t\t\t<div id=\"elementor-tab-content-1374\" class=\"elementor-tab-content elementor-clearfix\" data-tab=\"4\" role=\"region\" aria-labelledby=\"elementor-tab-title-1374\"><p>Wir bitten dich Besch\u00e4digungen und Verunreinigungen der Ware zu vermeiden. Bitte sende das Produkt in Originalverpackung und allen Verpackungsbestandteilen an uns zur\u00fcck. Wenn die Originalverpackung nicht mehr vorhanden ist, sorge bitte daf\u00fcr, dass der Artikel mithilfe einer ausreichenden Verpackung vor Transportsch\u00e4den gesch\u00fctzt wird. Vergiss nicht die Ware frankiert an uns zur\u00fcckzusenden. Sollten die Produkte Fehler aufweisen, gib uns gerne Bescheid, in diesem Fall werden wir dir deine R\u00fccksendekosten erstatten.<\/p><\/div>\n\t\t\t\t<\/div>\n\t\t\t\t\t\t\t<div class=\"elementor-toggle-item\">\n\t\t\t\t\t<div id=\"elementor-tab-title-1375\" class=\"elementor-tab-title\" data-tab=\"5\" role=\"button\" aria-controls=\"elementor-tab-content-1375\" aria-expanded=\"false\">\n\t\t\t\t\t\t\t\t\t\t\t\t<span class=\"elementor-toggle-icon elementor-toggle-icon-left\" aria-hidden=\"true\">\n\t\t\t\t\t\t\t\t\t\t\t\t\t\t\t<span class=\"elementor-toggle-icon-closed\"><i class=\"fas fa-caret-right\"><\/i><\/span>\n\t\t\t\t\t\t\t\t<span class=\"elementor-toggle-icon-opened\"><i class=\"elementor-toggle-icon-opened fas fa-caret-up\"><\/i><\/span>\n\t\t\t\t\t\t\t\t\t\t\t\t\t<\/span>\n\t\t\t\t\t\t\t\t\t\t\t\t<a class=\"elementor-toggle-title\" tabindex=\"0\">Deine Frage wurde hier noch nicht beantwortet?<\/a>\n\t\t\t\t\t<\/div>\n\n\t\t\t\t\t<div id=\"elementor-tab-content-1375\" class=\"elementor-tab-content elementor-clearfix\" data-tab=\"5\" role=\"region\" aria-labelledby=\"elementor-tab-title-1375\"><p>Kontaktiere uns jederzeit gerne unter support@organic-mom.de<\/p><\/div>\n\t\t\t\t<\/div>\n\t\t\t\t\t\t\t\t\t\t<script type=\"application\/ld+json\">{\"@context\":\"https:\\\/\\\/schema.org\",\"@type\":\"FAQPage\",\"mainEntity\":[{\"@type\":\"Question\",\"name\":\"Ein Artikel ist beim Versand besch\\u00e4digt worden. Was kann ich tun?\",\"acceptedAnswer\":{\"@type\":\"Answer\",\"text\":\"<p>Deine Zufriedenheit ist uns besonders wichtig. Bitte wende dich bei Fragen direkt an unseren Kundenservice: support@organic-mom.de Wir werden unser Bestes geben, um dein Problem schnellst m\\u00f6glich zu beheben.<\\\/p>\"}},{\"@type\":\"Question\",\"name\":\"Wie kann ich meinen Einkauf widerrufen?\",\"acceptedAnswer\":{\"@type\":\"Answer\",\"text\":\"<p>Solltest du mit deinem Einkauf in irgendeiner Weise nicht zufrieden sein, kannst du diesen innerhalb der Frist von 14 Tagen mithilfe des Formulars in der Widerrufsbelehrung widerrufen.<\\\/p>\"}},{\"@type\":\"Question\",\"name\":\"Auf welche Art erhalte ich mein Geld zur\\u00fcck?\",\"acceptedAnswer\":{\"@type\":\"Answer\",\"text\":\"<p>Sobald wir deine R\\u00fccksendung erhalten haben, bekommst du deine Gutschrift auf dem Weg zur\\u00fcck, den du als Zahlungsart bei der Bestellung angegeben hast.<\\\/p>\"}},{\"@type\":\"Question\",\"name\":\"Was muss ich bei einer R\\u00fccksendung beachten?\",\"acceptedAnswer\":{\"@type\":\"Answer\",\"text\":\"<p>Wir bitten dich Besch\\u00e4digungen und Verunreinigungen der Ware zu vermeiden. Bitte sende das Produkt in Originalverpackung und allen Verpackungsbestandteilen an uns zur\\u00fcck. Wenn die Originalverpackung nicht mehr vorhanden ist, sorge bitte daf\\u00fcr, dass der Artikel mithilfe einer ausreichenden Verpackung vor Transportsch\\u00e4den gesch\\u00fctzt wird. Vergiss nicht die Ware frankiert an uns zur\\u00fcckzusenden. Sollten die Produkte Fehler aufweisen, gib uns gerne Bescheid, in diesem Fall werden wir dir deine R\\u00fccksendekosten erstatten.<\\\/p>\"}},{\"@type\":\"Question\",\"name\":\"Deine Frage wurde hier noch nicht beantwortet?\",\"acceptedAnswer\":{\"@type\":\"Answer\",\"text\":\"<p>Kontaktiere uns jederzeit gerne unter support@organic-mom.de<\\\/p>\"}}]}<\/script>\n\t\t\t\t\t<\/div>\n\t\t\t\t\t\t<\/div>\n\t\t\t\t<\/div>\n\t\t\t\t\t<\/div>\n\t\t<\/div>\n\t\t\t\t\t<\/div>\n\t\t<\/section>\n\t\t\t\t<\/div>\n\t\t","protected":false},"excerpt":{"rendered":"<p>FAQ Versand Lieferkosten Wie viel kostet der Versand? Ab einem Bestellwert von 20\u20ac ist der Versand innerhalb Deutschlands kostenfrei. Bei Lieferungen unter einem Bestellwert von&#8230;<\/p>\n","protected":false},"author":1,"featured_media":0,"parent":0,"menu_order":0,"comment_status":"closed","ping_status":"closed","template":"","meta":{"footnotes":""},"class_list":["post-1537","page","type-page","status-publish","hentry"],"_links":{"self":[{"href":"https:\/\/organic-mom.de\/de\/wp-json\/wp\/v2\/pages\/1537","targetHints":{"allow":["GET"]}}],"collection":[{"href":"https:\/\/organic-mom.de\/de\/wp-json\/wp\/v2\/pages"}],"about":[{"href":"https:\/\/organic-mom.de\/de\/wp-json\/wp\/v2\/types\/page"}],"author":[{"embeddable":true,"href":"https:\/\/organic-mom.de\/de\/wp-json\/wp\/v2\/users\/1"}],"replies":[{"embeddable":true,"href":"https:\/\/organic-mom.de\/de\/wp-json\/wp\/v2\/comments?post=1537"}],"version-history":[{"count":16,"href":"https:\/\/organic-mom.de\/de\/wp-json\/wp\/v2\/pages\/1537\/revisions"}],"predecessor-version":[{"id":1639,"href":"https:\/\/organic-mom.de\/de\/wp-json\/wp\/v2\/pages\/1537\/revisions\/1639"}],"wp:attachment":[{"href":"https:\/\/organic-mom.de\/de\/wp-json\/wp\/v2\/media?parent=1537"}],"curies":[{"name":"wp","href":"https:\/\/api.w.org\/{rel}","templated":true}]}}