{"id":1462,"date":"2022-08-21T22:15:34","date_gmt":"2022-08-21T22:15:34","guid":{"rendered":"https:\/\/organic-mom.de\/?page_id=1462"},"modified":"2026-03-13T20:54:47","modified_gmt":"2026-03-13T19:54:47","slug":"impressum","status":"publish","type":"page","link":"https:\/\/organic-mom.de\/de\/impressum\/","title":{"rendered":"Impressum"},"content":{"rendered":"\t\t<div data-elementor-type=\"wp-page\" data-elementor-id=\"1462\" class=\"elementor elementor-1462\">\n\t\t\t\t\t\t<section class=\"elementor-section elementor-top-section elementor-element elementor-element-e4ae782 elementor-section-boxed elementor-section-height-default elementor-section-height-default\" data-id=\"e4ae782\" data-element_type=\"section\" data-e-type=\"section\">\n\t\t\t\t\t\t<div class=\"elementor-container elementor-column-gap-default\">\n\t\t\t\t\t<div class=\"elementor-column elementor-col-100 elementor-top-column elementor-element elementor-element-2c81c97\" data-id=\"2c81c97\" data-element_type=\"column\" data-e-type=\"column\">\n\t\t\t<div class=\"elementor-widget-wrap elementor-element-populated\">\n\t\t\t\t\t\t<div class=\"elementor-element elementor-element-1b369f9 elementor-widget elementor-widget-text-editor\" data-id=\"1b369f9\" data-element_type=\"widget\" data-e-type=\"widget\" data-widget_type=\"text-editor.default\">\n\t\t\t\t<div class=\"elementor-widget-container\">\n\t\t\t\t\t\t\t\t\t<h2 style=\"text-align: center;\"><span style=\"color: #008000;\"><strong>Impressum<\/strong><\/span><\/h2><p><strong>Angaben gem\u00e4\u00df \u00a7 5 TMG:<\/strong><br \/>Weikert und Weikert GbR<br \/>Jessica Weikert<br \/>Heidelberger Stra\u00dfe 148a<br \/>64285 Darmstadt<\/p><p><strong>Kontakt:<\/strong><br \/>Email: info@organic-mom.de<br \/>Telefon: +49 (0)176-557-33088<\/p><p><strong>Umsatzsteuer:<\/strong><br \/>Umsatzsteuer-Identifikationsnummer gem\u00e4\u00df \u00a727 a<br \/>Umsatzsteuergesetz:<br \/>DE322463400<\/p><p><strong>Hinweis:<\/strong><br \/>Dieses Impressum gilt auch f\u00fcr die zur Website geh\u00f6renden Social<br \/>Media-Kan\u00e4le auf Facebook und Instagram.<\/p><p><strong>Verantwortlich f\u00fcr den Inhalt nach \u00a7 55 Abs. 2 RStV:<\/strong><br \/>Jessica Weikert<br \/>Heidelberger Stra\u00dfe 148a<br \/>64285 Darmstadt<\/p><h2><span style=\"color: #008000;\">Haftungsausschluss<\/span><\/h2><p><strong>Haftung f\u00fcr Inhalte<\/strong><br \/>Als Diensteanbieter sind wir gem\u00e4\u00df \u00a7 7 Abs.1 TMG f\u00fcr eigene Inhalte<br \/>auf diesen Seiten nach den allgemeinen Gesetzen verantwortlich. Nach<br \/>\u00a7\u00a7 8 bis 10 TMG sind wir als Diensteanbieter jedoch nicht verpflichtet,<br \/>\u00fcbermittelte oder gespeicherte fremde Informationen zu \u00fcberwachen<br \/>oder nach Umst\u00e4nden zu forschen, die auf eine rechtswidrige T\u00e4tigkeit<br \/>hinweisen.<br \/>Verpflichtungen zur Entfernung oder Sperrung der Nutzung von<br \/>Informationen nach den allgemeinen Gesetzen bleiben hiervon<br \/>unber\u00fchrt. Eine diesbez\u00fcgliche Haftung ist jedoch erst ab dem Zeitpunkt<br \/>der Kenntnis einer konkreten Rechtsverletzung m\u00f6glich. Bei<br \/>Bekanntwerden von entsprechenden Rechtsverletzungen werden wir<br \/>diese Inhalte umgehend entfernen.<\/p><p><strong>Haftung f\u00fcr Links<\/strong><br \/>Unser Angebot enth\u00e4lt Links zu externen Websites Dritter, auf deren<br \/>Inhalte wir keinen Einfluss haben. Deshalb k\u00f6nnen wir f\u00fcr diese fremden<br \/>Inhalte auch keine Gew\u00e4hr \u00fcbernehmen. F\u00fcr die Inhalte der verlinkten<br \/>Seiten ist stets der jeweilige Anbieter oder Betreiber der Seiten<br \/>verantwortlich. Die verlinkten Seiten wurden zum Zeitpunkt der<br \/>Verlinkung auf m\u00f6gliche Rechtsverst\u00f6\u00dfe \u00fcberpr\u00fcft. Rechtswidrige<br \/>Inhalte waren zum Zeitpunkt der Verlinkung nicht erkennbar.<br \/>Eine permanente inhaltliche Kontrolle der verlinkten Seiten ist jedoch<br \/>ohne konkrete Anhaltspunkte einer Rechtsverletzung nicht zumutbar. Bei<br \/>Bekanntwerden von Rechtsverletzungen werden wir derartige Links<br \/>umgehend entfernen.<\/p><p><strong>Urheberrecht<\/strong><br \/>Die durch die Seitenbetreiber erstellten Inhalte und Werke auf diesen<br \/>Seiten unterliegen dem deutschen Urheberrecht. Die Vervielf\u00e4ltigung,<br \/>Bearbeitung, Verbreitung und jede Art der Verwertung au\u00dferhalb der<br \/>Grenzen des Urheberrechtes bed\u00fcrfen der schriftlichen Zustimmung des<br \/>jeweiligen Autors bzw. Erstellers. Downloads und Kopien dieser Seite<br \/>sind nur f\u00fcr den privaten, nicht kommerziellen Gebrauch gestattet.<br \/>Soweit die Inhalte auf dieser Seite nicht vom Betreiber erstellt wurden,<br \/>werden die Urheberrechte Dritter beachtet. Insbesondere werden Inhalte<br \/>Dritter als solche gekennzeichnet. Sollten Sie trotzdem auf eine<br \/>Urheberrechtsverletzung aufmerksam werden, bitten wir um einen<br \/>entsprechenden Hinweis. Bei Bekanntwerden von Rechtsverletzungen<br \/>werden wir derartige Inhalte umgehend entfernen.<\/p>\t\t\t\t\t\t\t\t<\/div>\n\t\t\t\t<\/div>\n\t\t\t\t\t<\/div>\n\t\t<\/div>\n\t\t\t\t\t<\/div>\n\t\t<\/section>\n\t\t\t\t<\/div>\n\t\t","protected":false},"excerpt":{"rendered":"<p>Impressum Angaben gem\u00e4\u00df \u00a7 5 TMG:Weikert und Weikert GbRJessica WeikertHeidelberger Stra\u00dfe 148a64285 Darmstadt Kontakt:Email: info@organic-mom.deTelefon: +49 (0)176-557-33088 Umsatzsteuer:Umsatzsteuer-Identifikationsnummer gem\u00e4\u00df \u00a727 aUmsatzsteuergesetz:DE322463400 Hinweis:Dieses Impressum gilt auch&#8230;<\/p>\n","protected":false},"author":1,"featured_media":0,"parent":0,"menu_order":0,"comment_status":"closed","ping_status":"closed","template":"","meta":{"footnotes":""},"class_list":["post-1462","page","type-page","status-publish","hentry"],"_links":{"self":[{"href":"https:\/\/organic-mom.de\/de\/wp-json\/wp\/v2\/pages\/1462","targetHints":{"allow":["GET"]}}],"collection":[{"href":"https:\/\/organic-mom.de\/de\/wp-json\/wp\/v2\/pages"}],"about":[{"href":"https:\/\/organic-mom.de\/de\/wp-json\/wp\/v2\/types\/page"}],"author":[{"embeddable":true,"href":"https:\/\/organic-mom.de\/de\/wp-json\/wp\/v2\/users\/1"}],"replies":[{"embeddable":true,"href":"https:\/\/organic-mom.de\/de\/wp-json\/wp\/v2\/comments?post=1462"}],"version-history":[{"count":17,"href":"https:\/\/organic-mom.de\/de\/wp-json\/wp\/v2\/pages\/1462\/revisions"}],"predecessor-version":[{"id":2331,"href":"https:\/\/organic-mom.de\/de\/wp-json\/wp\/v2\/pages\/1462\/revisions\/2331"}],"wp:attachment":[{"href":"https:\/\/organic-mom.de\/de\/wp-json\/wp\/v2\/media?parent=1462"}],"curies":[{"name":"wp","href":"https:\/\/api.w.org\/{rel}","templated":true}]}}