{"id":1363,"date":"2022-08-11T17:44:12","date_gmt":"2022-08-11T17:44:12","guid":{"rendered":"https:\/\/organic-mom.de\/?page_id=1363"},"modified":"2026-03-13T20:19:38","modified_gmt":"2026-03-13T19:19:38","slug":"social","status":"publish","type":"page","link":"https:\/\/organic-mom.de\/de\/social\/","title":{"rendered":"Social"},"content":{"rendered":"\t\t<div data-elementor-type=\"wp-page\" data-elementor-id=\"1363\" class=\"elementor elementor-1363\">\n\t\t\t\t\t\t<section class=\"elementor-section elementor-top-section elementor-element elementor-element-1c41746 elementor-section-boxed elementor-section-height-default elementor-section-height-default\" data-id=\"1c41746\" data-element_type=\"section\" data-e-type=\"section\">\n\t\t\t\t\t\t<div class=\"elementor-container elementor-column-gap-default\">\n\t\t\t\t\t<div class=\"elementor-column elementor-col-100 elementor-top-column elementor-element elementor-element-0bbfc2a\" data-id=\"0bbfc2a\" data-element_type=\"column\" data-e-type=\"column\">\n\t\t\t<div class=\"elementor-widget-wrap elementor-element-populated\">\n\t\t\t\t\t\t<div class=\"elementor-element elementor-element-3647d5b elementor-widget elementor-widget-heading\" data-id=\"3647d5b\" data-element_type=\"widget\" data-e-type=\"widget\" data-widget_type=\"heading.default\">\n\t\t\t\t<div class=\"elementor-widget-container\">\n\t\t\t\t\t<h2 class=\"elementor-heading-title elementor-size-default\">F\u00fcr eine bessere Zukunft...\n<\/h2>\t\t\t\t<\/div>\n\t\t\t\t<\/div>\n\t\t\t\t<div class=\"elementor-element elementor-element-8f65cf5 elementor-widget elementor-widget-text-editor\" data-id=\"8f65cf5\" data-element_type=\"widget\" data-e-type=\"widget\" data-widget_type=\"text-editor.default\">\n\t\t\t\t<div class=\"elementor-widget-container\">\n\t\t\t\t\t\t\t\t\t<p><span class=\"\">W\u00e4hrend unserer Reise durch Asien 2018 haben wir ein Hilfsprojekt besonders ins Herz geschlossen:\u00a0\u00a0<\/span><span class=\"\">die Bayon School in Kambodscha.<\/span><\/p><p>Wir konnten uns vor Ort ein Bild von der Einrichtung machen und waren von dem Engagement und Einsatz der Helfer unglaublich beeindruckt. Mit viel Liebe bekommen Kinder aus den \u00e4rmsten Verh\u00e4ltnissen hier eine Perspektive geboten und haben zudem einen Ort an dem sie sich wohl und geborgen f\u00fchlen k\u00f6nnen.<\/p><p>Die Urspr\u00fcnge der Bayon-School reichen mehr als 20 Jahre zur\u00fcck. Seit 2014 ist \u201eBayon Education and Development\u201c eine kambodschanische Einrichtung, die von einer franz\u00f6sischen Organisation namens \u201eSEP du Bayon\u201c unterst\u00fctzt wird. Die Bayon School engagiert sich mit viel Herz f\u00fcr die Ausbildung von Kindern und Studenten, die in sehr schwierigen Verh\u00e4ltnissen leben. Derzeit unterst\u00fctzt die Organisation mehr als 400 junge Kambodschanerinnen und Kambodschaner.<\/p><p>Das tolle Unterst\u00fctzungsangebot reicht vom Kindergarten bis zur Universit\u00e4t. Zus\u00e4tzlich besteht die M\u00f6glichkeit ein professionelles Ausbildungsprogramm im Back- und Konditoreiwesen zu absolvieren. Die freiwilligen Helfer vor Ort leisten eine wahnsinnig tolle Arbeit, mit viel Herz und Leidenschaft.<\/p><p>The children in the Bayon School are offered a sustainable perspective that gives them a chance for a better future .<\/p><p>We would like to support this path and donate to the Bayon School with every product sold.<\/p>\t\t\t\t\t\t\t\t<\/div>\n\t\t\t\t<\/div>\n\t\t\t\t\t<\/div>\n\t\t<\/div>\n\t\t\t\t\t<\/div>\n\t\t<\/section>\n\t\t\t\t<section class=\"elementor-section elementor-top-section elementor-element elementor-element-76e9a76 elementor-section-boxed elementor-section-height-default elementor-section-height-default\" data-id=\"76e9a76\" data-element_type=\"section\" data-e-type=\"section\">\n\t\t\t\t\t\t<div class=\"elementor-container elementor-column-gap-default\">\n\t\t\t\t\t<div class=\"elementor-column elementor-col-100 elementor-top-column elementor-element elementor-element-ec915f6\" data-id=\"ec915f6\" data-element_type=\"column\" data-e-type=\"column\">\n\t\t\t<div class=\"elementor-widget-wrap elementor-element-populated\">\n\t\t\t\t\t\t<div class=\"elementor-element elementor-element-755a775 elementor-widget elementor-widget-heading\" data-id=\"755a775\" data-element_type=\"widget\" data-e-type=\"widget\" data-widget_type=\"heading.default\">\n\t\t\t\t<div class=\"elementor-widget-container\">\n\t\t\t\t\t<h2 class=\"elementor-heading-title elementor-size-default\">Mission<\/h2>\t\t\t\t<\/div>\n\t\t\t\t<\/div>\n\t\t\t\t\t<\/div>\n\t\t<\/div>\n\t\t\t\t\t<\/div>\n\t\t<\/section>\n\t\t\t\t<section class=\"elementor-section elementor-top-section elementor-element elementor-element-5fc15c0 elementor-section-boxed elementor-section-height-default elementor-section-height-default\" data-id=\"5fc15c0\" data-element_type=\"section\" data-e-type=\"section\">\n\t\t\t\t\t\t<div class=\"elementor-container elementor-column-gap-default\">\n\t\t\t\t\t<div class=\"elementor-column elementor-col-50 elementor-top-column elementor-element elementor-element-d284564\" data-id=\"d284564\" data-element_type=\"column\" data-e-type=\"column\">\n\t\t\t<div class=\"elementor-widget-wrap elementor-element-populated\">\n\t\t\t\t\t\t<div class=\"elementor-element elementor-element-2884aef elementor-widget elementor-widget-text-editor\" data-id=\"2884aef\" data-element_type=\"widget\" data-e-type=\"widget\" data-widget_type=\"text-editor.default\">\n\t\t\t\t<div class=\"elementor-widget-container\">\n\t\t\t\t\t\t\t\t\t<p>Den benachteiligten Kindern und Jugendlichen, die in der Umgebung der Tempel von Angkor Wat und in den umliegenden D\u00f6rfern leben, Bildung zu bieten.<\/p><div class=\"elementor-column elementor-col-50 elementor-top-column elementor-element elementor-element-d284564\" data-id=\"d284564\" data-element_type=\"column\"><div class=\"elementor-widget-wrap elementor-element-populated\"><div class=\"elementor-element elementor-element-2884aef elementor-widget elementor-widget-text-editor\" data-id=\"2884aef\" data-element_type=\"widget\" data-widget_type=\"text-editor.default\"><div class=\"elementor-widget-container\"><p>Eine Zukunft mit Perspektive schenken.<\/p><\/div><\/div><\/div><\/div><div class=\"elementor-column elementor-col-50 elementor-top-column elementor-element elementor-element-8fa8380\" data-id=\"8fa8380\" data-element_type=\"column\"><div class=\"elementor-widget-wrap elementor-element-populated\"><div class=\"elementor-element elementor-element-e5c4ce7 elementor-widget elementor-widget-image\" data-id=\"e5c4ce7\" data-element_type=\"widget\" data-widget_type=\"image.default\">\u00a0<\/div><\/div><\/div>\t\t\t\t\t\t\t\t<\/div>\n\t\t\t\t<\/div>\n\t\t\t\t\t<\/div>\n\t\t<\/div>\n\t\t\t\t<div class=\"elementor-column elementor-col-50 elementor-top-column elementor-element elementor-element-8fa8380\" data-id=\"8fa8380\" data-element_type=\"column\" data-e-type=\"column\">\n\t\t\t<div class=\"elementor-widget-wrap elementor-element-populated\">\n\t\t\t\t\t\t<div class=\"elementor-element elementor-element-e5c4ce7 elementor-widget elementor-widget-image\" data-id=\"e5c4ce7\" data-element_type=\"widget\" data-e-type=\"widget\" data-widget_type=\"image.default\">\n\t\t\t\t<div class=\"elementor-widget-container\">\n\t\t\t\t\t\t\t\t\t\t\t\t\t\t\t<img fetchpriority=\"high\" decoding=\"async\" width=\"300\" height=\"188\" src=\"https:\/\/organic-mom.de\/wp-content\/uploads\/xstore\/xstore-placeholder-160x100.png\" class=\"attachment-medium size-medium wp-image-1655 lazyload lazyload-simple et-lazyload-fadeIn\" alt=\"\" sizes=\"(max-width: 300px) 100vw, 300px\" data-src=\"https:\/\/organic-mom.de\/wp-content\/uploads\/2022\/08\/image001-300x188.png\" data-srcset=\"https:\/\/organic-mom.de\/wp-content\/uploads\/2022\/08\/image001-300x188.png 300w, https:\/\/organic-mom.de\/wp-content\/uploads\/2022\/08\/image001-600x377.png 600w, https:\/\/organic-mom.de\/wp-content\/uploads\/2022\/08\/image001-1024x643.png 1024w, https:\/\/organic-mom.de\/wp-content\/uploads\/2022\/08\/image001-768x482.png 768w, https:\/\/organic-mom.de\/wp-content\/uploads\/2022\/08\/image001-1536x965.png 1536w, https:\/\/organic-mom.de\/wp-content\/uploads\/2022\/08\/image001-18x12.png 18w, https:\/\/organic-mom.de\/wp-content\/uploads\/2022\/08\/image001-1x1.png 1w, https:\/\/organic-mom.de\/wp-content\/uploads\/2022\/08\/image001-10x6.png 10w, https:\/\/organic-mom.de\/wp-content\/uploads\/2022\/08\/image001.png 1667w\" \/>\t\t\t\t\t\t\t\t\t\t\t\t\t\t\t<\/div>\n\t\t\t\t<\/div>\n\t\t\t\t\t<\/div>\n\t\t<\/div>\n\t\t\t\t\t<\/div>\n\t\t<\/section>\n\t\t\t\t<section class=\"elementor-section elementor-top-section elementor-element elementor-element-17e3ae5 elementor-section-boxed elementor-section-height-default elementor-section-height-default\" data-id=\"17e3ae5\" data-element_type=\"section\" data-e-type=\"section\">\n\t\t\t\t\t\t<div class=\"elementor-container elementor-column-gap-default\">\n\t\t\t\t\t<div class=\"elementor-column elementor-col-100 elementor-top-column elementor-element elementor-element-f08c6ec\" data-id=\"f08c6ec\" data-element_type=\"column\" data-e-type=\"column\">\n\t\t\t<div class=\"elementor-widget-wrap elementor-element-populated\">\n\t\t\t\t\t\t<div class=\"elementor-element elementor-element-9d2740f elementor-widget elementor-widget-heading\" data-id=\"9d2740f\" data-element_type=\"widget\" data-e-type=\"widget\" data-widget_type=\"heading.default\">\n\t\t\t\t<div class=\"elementor-widget-container\">\n\t\t\t\t\t<h2 class=\"elementor-heading-title elementor-size-default\">Projekte<\/h2>\t\t\t\t<\/div>\n\t\t\t\t<\/div>\n\t\t\t\t<div class=\"elementor-element elementor-element-9ea91be elementor-widget elementor-widget-text-editor\" data-id=\"9ea91be\" data-element_type=\"widget\" data-e-type=\"widget\" data-widget_type=\"text-editor.default\">\n\t\t\t\t<div class=\"elementor-widget-container\">\n\t\t\t\t\t\t\t\t\t<p><span class=\"\">Die Bayon School hat 4 Hauptaktivit\u00e4ten, die alle auf Bildung ausgerichtet sind:<\/span><\/p><p>1. Eine Grundschule mit 248 Kindern vom Kindergarten bis zur 6. Klasse (12 Jahre alt).<\/p><p>2. Ein weiterf\u00fchrendes Programm f\u00fcr ehemalige Grundsch\u00fcler in \u00f6ffentlichen<br \/>\u00a0 \u00a0 Sekundarschulen. Besonders engagierte Sch\u00fcler werden sogar bis zum<br \/>\u00a0 \u00a0 Universit\u00e4tsanschluss unterst\u00fctzt.<\/p><p>3. Eine Konditorenschule: hier erhalten bis zu 21 bed\u00fcrftige Frauen die M\u00f6glichkeit eine<br \/>\u00a0 \u00a0 kostenfreie Berufsausbildung in Konditorei und B\u00e4ckerei zu absolvieren<\/p><p>4. Ein Green-Garden-Projekt : Familien bauen in ihrem Garten Gem\u00fcse an und versorgen<br \/>\u00a0 \u00a0 t\u00e4glich die Kantine der Grundschule (ca. 260 Mittagessen).<\/p>\t\t\t\t\t\t\t\t<\/div>\n\t\t\t\t<\/div>\n\t\t\t\t\t<\/div>\n\t\t<\/div>\n\t\t\t\t\t<\/div>\n\t\t<\/section>\n\t\t\t\t<section class=\"elementor-section elementor-top-section elementor-element elementor-element-e704028 elementor-section-boxed elementor-section-height-default elementor-section-height-default\" data-id=\"e704028\" data-element_type=\"section\" data-e-type=\"section\">\n\t\t\t\t\t\t<div class=\"elementor-container elementor-column-gap-default\">\n\t\t\t\t\t<div class=\"elementor-column elementor-col-100 elementor-top-column elementor-element elementor-element-fa5d768\" data-id=\"fa5d768\" data-element_type=\"column\" data-e-type=\"column\">\n\t\t\t<div class=\"elementor-widget-wrap\">\n\t\t\t\t\t\t\t<\/div>\n\t\t<\/div>\n\t\t\t\t\t<\/div>\n\t\t<\/section>\n\t\t\t\t<section class=\"elementor-section elementor-top-section elementor-element elementor-element-9abd1df elementor-section-boxed elementor-section-height-default elementor-section-height-default\" data-id=\"9abd1df\" data-element_type=\"section\" data-e-type=\"section\">\n\t\t\t\t\t\t<div class=\"elementor-container elementor-column-gap-default\">\n\t\t\t\t\t<div class=\"elementor-column elementor-col-100 elementor-top-column elementor-element elementor-element-e610a31\" data-id=\"e610a31\" data-element_type=\"column\" data-e-type=\"column\">\n\t\t\t<div class=\"elementor-widget-wrap elementor-element-populated\">\n\t\t\t\t\t\t<div class=\"elementor-element elementor-element-e35d688 elementor-widget elementor-widget-heading\" data-id=\"e35d688\" data-element_type=\"widget\" data-e-type=\"widget\" data-widget_type=\"heading.default\">\n\t\t\t\t<div class=\"elementor-widget-container\">\n\t\t\t\t\t<h2 class=\"elementor-heading-title elementor-size-default\">Wir unterst\u00fctzen<\/h2>\t\t\t\t<\/div>\n\t\t\t\t<\/div>\n\t\t\t\t<div class=\"elementor-element elementor-element-10f24a6 elementor-widget elementor-widget-text-editor\" data-id=\"10f24a6\" data-element_type=\"widget\" data-e-type=\"widget\" data-widget_type=\"text-editor.default\">\n\t\t\t\t<div class=\"elementor-widget-container\">\n\t\t\t\t\t\t\t\t\t<section class=\"elementor-section elementor-top-section elementor-element elementor-element-9abd1df elementor-section-boxed elementor-section-height-default elementor-section-height-default\" data-id=\"9abd1df\" data-element_type=\"section\"><div class=\"elementor-container elementor-column-gap-default\"><div class=\"elementor-column elementor-col-100 elementor-top-column elementor-element elementor-element-e610a31\" data-id=\"e610a31\" data-element_type=\"column\"><div class=\"elementor-widget-wrap elementor-element-populated\"><div class=\"elementor-element elementor-element-10f24a6 elementor-widget elementor-widget-text-editor\" data-id=\"10f24a6\" data-element_type=\"widget\" data-widget_type=\"text-editor.default\"><div class=\"elementor-widget-container\"><p>Es liegt uns am Herzen die Bayon School mit dem Verkauf unserer Produkte zu unterst\u00fctzen und damit einen Beitrag f\u00fcr eine bessere Zukunft der Kinder in Kambodscha zu leisten.<\/p><p>Wir m\u00f6chten die Kinder der Bayon School auf ihrem Weg begleiten und sie mit jedem verkauften Produkt unterst\u00fctzen.\u00a0<\/p><p>\u00dcber Ma\u00dfnahmen und News halten wir euch ab sofort auf dem Laufenden.<\/p><p>Wenn auch ihr spenden wollt, erhaltet ihr mehr Informationen unter:\u00a0<br \/><a href=\"https:\/\/web.archive.org\/web\/20250325220901\/http:\/\/ecoledubayon.org\/je-mengage\/?lang=en\" target=\"_blank\" rel=\"noopener\">Bayon Pastry School<\/a><\/p><\/div><\/div><\/div><\/div><\/div><\/section><section class=\"elementor-section elementor-top-section elementor-element elementor-element-9319e04 elementor-section-full_width elementor-section-stretched elementor-section-height-default elementor-section-height-default\" data-id=\"9319e04\" data-element_type=\"section\" data-settings=\"{&quot;stretch_section&quot;:&quot;section-stretched&quot;,&quot;background_background&quot;:&quot;classic&quot;}\"><div class=\"elementor-container elementor-column-gap-default\"><div class=\"elementor-column elementor-col-100 elementor-top-column elementor-element elementor-element-5fad6df\" data-id=\"5fad6df\" data-element_type=\"column\"><div class=\"elementor-widget-wrap elementor-element-populated\"><div class=\"elementor-element elementor-element-0633c9f elementor-widget elementor-widget-heading\" data-id=\"0633c9f\" data-element_type=\"widget\" data-widget_type=\"heading.default\"><div class=\"elementor-widget-container\">\u00a0<\/div><\/div><\/div><\/div><\/div><\/section>\t\t\t\t\t\t\t\t<\/div>\n\t\t\t\t<\/div>\n\t\t\t\t\t<\/div>\n\t\t<\/div>\n\t\t\t\t\t<\/div>\n\t\t<\/section>\n\t\t\t\t<section class=\"elementor-section elementor-top-section elementor-element elementor-element-9319e04 elementor-section-full_width elementor-section-stretched elementor-section-height-default elementor-section-height-default\" data-id=\"9319e04\" data-element_type=\"section\" data-e-type=\"section\" data-settings=\"{&quot;stretch_section&quot;:&quot;section-stretched&quot;,&quot;background_background&quot;:&quot;classic&quot;}\">\n\t\t\t\t\t\t<div class=\"elementor-container elementor-column-gap-default\">\n\t\t\t\t\t<div class=\"elementor-column elementor-col-100 elementor-top-column elementor-element elementor-element-5fad6df\" data-id=\"5fad6df\" data-element_type=\"column\" data-e-type=\"column\">\n\t\t\t<div class=\"elementor-widget-wrap elementor-element-populated\">\n\t\t\t\t\t\t<div class=\"elementor-element elementor-element-0633c9f elementor-widget elementor-widget-heading\" data-id=\"0633c9f\" data-element_type=\"widget\" data-e-type=\"widget\" data-widget_type=\"heading.default\">\n\t\t\t\t<div class=\"elementor-widget-container\">\n\t\t\t\t\t<h2 class=\"elementor-heading-title elementor-size-default\">Seit M\u00e4rz 2020 gespendet:<\/h2>\t\t\t\t<\/div>\n\t\t\t\t<\/div>\n\t\t\t\t\t<\/div>\n\t\t<\/div>\n\t\t\t\t\t<\/div>\n\t\t<\/section>\n\t\t\t\t<section class=\"elementor-section elementor-top-section elementor-element elementor-element-3c71424 elementor-section-boxed elementor-section-height-default elementor-section-height-default\" data-id=\"3c71424\" data-element_type=\"section\" data-e-type=\"section\">\n\t\t\t\t\t\t<div class=\"elementor-container elementor-column-gap-default\">\n\t\t\t\t\t<div class=\"elementor-column elementor-col-100 elementor-top-column elementor-element elementor-element-8e17f32\" data-id=\"8e17f32\" data-element_type=\"column\" data-e-type=\"column\">\n\t\t\t<div class=\"elementor-widget-wrap elementor-element-populated\">\n\t\t\t\t\t\t<div class=\"elementor-element elementor-element-00a6636 elementor-widget elementor-widget-counter\" data-id=\"00a6636\" data-element_type=\"widget\" data-e-type=\"widget\" data-widget_type=\"counter.default\">\n\t\t\t\t<div class=\"elementor-widget-container\">\n\t\t\t\t\t\t\t<div class=\"elementor-counter\">\n\t\t\t<div class=\"elementor-counter-title\">Mahlzeiten<\/div>\t\t\t<div class=\"elementor-counter-number-wrapper\">\n\t\t\t\t<span class=\"elementor-counter-number-prefix\"><\/span>\n\t\t\t\t<span class=\"elementor-counter-number\" data-duration=\"1400\" data-to-value=\"1987\" data-from-value=\"0\" data-delimiter=\",\">0<\/span>\n\t\t\t\t<span class=\"elementor-counter-number-suffix\"><\/span>\n\t\t\t<\/div>\n\t\t<\/div>\n\t\t\t\t\t\t<\/div>\n\t\t\t\t<\/div>\n\t\t\t\t\t<\/div>\n\t\t<\/div>\n\t\t\t\t\t<\/div>\n\t\t<\/section>\n\t\t\t\t<section class=\"elementor-section elementor-inner-section elementor-element elementor-element-2dfcd794 elementor-section-boxed elementor-section-height-default elementor-section-height-default\" data-id=\"2dfcd794\" data-element_type=\"section\" data-e-type=\"section\">\n\t\t\t\t\t\t<div class=\"elementor-container elementor-column-gap-no\">\n\t\t\t\t\t<div class=\"elementor-column elementor-col-100 elementor-inner-column elementor-element elementor-element-6817fcba\" data-id=\"6817fcba\" data-element_type=\"column\" data-e-type=\"column\">\n\t\t\t<div class=\"elementor-widget-wrap elementor-element-populated\">\n\t\t\t\t\t\t<div class=\"elementor-element elementor-element-7bf536cf elementor-widget elementor-widget-heading\" data-id=\"7bf536cf\" data-element_type=\"widget\" data-e-type=\"widget\" data-widget_type=\"heading.default\">\n\t\t\t\t<div class=\"elementor-widget-container\">\n\t\t\t\t\t<h2 class=\"elementor-heading-title elementor-size-default\">Wie wir heute handeln, bestimmt wie die Welt morgen aussehen wird.\n<\/h2>\t\t\t\t<\/div>\n\t\t\t\t<\/div>\n\t\t\t\t\t<\/div>\n\t\t<\/div>\n\t\t\t\t\t<\/div>\n\t\t<\/section>\n\t\t\t\t<\/div>\n\t\t","protected":false},"excerpt":{"rendered":"<p>F\u00fcr eine bessere Zukunft&#8230; W\u00e4hrend unserer Reise durch Asien 2018 haben wir ein Hilfsprojekt besonders ins Herz geschlossen:\u00a0\u00a0die Bayon School in Kambodscha. Wir konnten uns&#8230;<\/p>\n","protected":false},"author":1,"featured_media":0,"parent":0,"menu_order":0,"comment_status":"closed","ping_status":"closed","template":"","meta":{"footnotes":""},"class_list":["post-1363","page","type-page","status-publish","hentry"],"_links":{"self":[{"href":"https:\/\/organic-mom.de\/de\/wp-json\/wp\/v2\/pages\/1363","targetHints":{"allow":["GET"]}}],"collection":[{"href":"https:\/\/organic-mom.de\/de\/wp-json\/wp\/v2\/pages"}],"about":[{"href":"https:\/\/organic-mom.de\/de\/wp-json\/wp\/v2\/types\/page"}],"author":[{"embeddable":true,"href":"https:\/\/organic-mom.de\/de\/wp-json\/wp\/v2\/users\/1"}],"replies":[{"embeddable":true,"href":"https:\/\/organic-mom.de\/de\/wp-json\/wp\/v2\/comments?post=1363"}],"version-history":[{"count":58,"href":"https:\/\/organic-mom.de\/de\/wp-json\/wp\/v2\/pages\/1363\/revisions"}],"predecessor-version":[{"id":2291,"href":"https:\/\/organic-mom.de\/de\/wp-json\/wp\/v2\/pages\/1363\/revisions\/2291"}],"wp:attachment":[{"href":"https:\/\/organic-mom.de\/de\/wp-json\/wp\/v2\/media?parent=1363"}],"curies":[{"name":"wp","href":"https:\/\/api.w.org\/{rel}","templated":true}]}}